{"id":24724,"date":"2026-04-10T18:44:04","date_gmt":"2026-04-10T18:44:04","guid":{"rendered":""},"modified":"2026-04-10T18:44:04","modified_gmt":"2026-04-10T18:44:04","slug":"ripats-retro-vintage-keldi-solm-t1171","status":"publish","type":"product","link":"https:\/\/bico.ee\/lt\/p\/su-retro-vintage-keltu-mazgas-t1171\/","title":{"rendered":"Su &#8220;Retro -vintage kelt\u0173 mazgas&#8221; (T1171)"},"content":{"rendered":"<p>Vardas:Retro -vintage kelt\u0173 mazgas<br \/>\n<BR><UL><LI> Ner\u016bdijan\u010dio plieno pakabukai<br \/>\n<\/LI><LI> Sena meil\u0117, kaip \u017einia, ner\u016bdija, o m\u016bs\u0173 pakabuk\u0173 medicininis plienas \u2013 juo labiau. Jie taip pat nei\u0161eina i\u0161 mados, nes tam trukdo simbolizmo universalumas, da\u017enai pasiskolintas i\u0161 pa\u010di\u0173 \u012fvairiausi\u0173 kult\u016br\u0173 vizualinio arsenalo: kelt\u0173, egiptie\u010di\u0173, slav\u0173 ir kt.<br \/>\n<\/LI><LI> Minimalus skyl\u0117s skersmuo 4,2mm<br \/>\n<\/LI><\/UL><\/p>","protected":false},"excerpt":{"rendered":"<p>T1171 0<\/p>\n","protected":false},"featured_media":25307,"template":"","meta":[],"product_cat":[179],"product_tag":[],"_links":{"self":[{"href":"https:\/\/bico.ee\/lt\/wp-json\/wp\/v2\/product\/24724"}],"collection":[{"href":"https:\/\/bico.ee\/lt\/wp-json\/wp\/v2\/product"}],"about":[{"href":"https:\/\/bico.ee\/lt\/wp-json\/wp\/v2\/types\/product"}],"wp:featuredmedia":[{"embeddable":true,"href":"https:\/\/bico.ee\/lt\/wp-json\/wp\/v2\/media\/25307"}],"wp:attachment":[{"href":"https:\/\/bico.ee\/lt\/wp-json\/wp\/v2\/media?parent=24724"}],"wp:term":[{"taxonomy":"product_cat","embeddable":true,"href":"https:\/\/bico.ee\/lt\/wp-json\/wp\/v2\/product_cat?post=24724"},{"taxonomy":"product_tag","embeddable":true,"href":"https:\/\/bico.ee\/lt\/wp-json\/wp\/v2\/product_tag?post=24724"}],"curies":[{"name":"wp","href":"https:\/\/api.w.org\/{rel}","templated":true}]}}