{"id":24783,"date":"2026-04-10T18:44:04","date_gmt":"2026-04-10T18:44:04","guid":{"rendered":""},"modified":"2026-04-10T18:44:04","modified_gmt":"2026-04-10T18:44:04","slug":"keti-kaelakee-handsome-t106-5-2-1-8mm","status":"publish","type":"product","link":"https:\/\/bico.ee\/lt\/p\/grandininis-karoliai-handsome-t106-5-2-1-8mm\/","title":{"rendered":"Grandininis karoliai  &#8220;Handsome&#8221; (T106) 5,2*1,8mm"},"content":{"rendered":"<p>Vardas:Handsome<br \/>\n<BR><UL><LI> Ner\u016bdijan\u010dio plieno grandin\u0117s<br \/>\n<\/LI><LI> Nepadengta chirurginio plieno grandin\u0117. Gaminys laikui b\u0117gant nei\u0161bluks ir ilgai i\u0161laikys ry\u0161ki\u0105 spalv\u0105 bei metalin\u012f blizges\u012f. Dekoracija idealiai tinka kiekvienai dienai. I\u0161 medicininio plieno pagamintos grandin\u0117s nebijo vandens ir ner\u016bdija, nedirgina odos, yra tvirtos ir patvarios, laikui b\u0117gant netams\u0117ja.<br \/>\n<\/LI><\/UL><\/p>","protected":false},"excerpt":{"rendered":"<p>T106 0<\/p>\n","protected":false},"featured_media":26594,"template":"","meta":[],"product_cat":[172],"product_tag":[],"_links":{"self":[{"href":"https:\/\/bico.ee\/lt\/wp-json\/wp\/v2\/product\/24783"}],"collection":[{"href":"https:\/\/bico.ee\/lt\/wp-json\/wp\/v2\/product"}],"about":[{"href":"https:\/\/bico.ee\/lt\/wp-json\/wp\/v2\/types\/product"}],"wp:featuredmedia":[{"embeddable":true,"href":"https:\/\/bico.ee\/lt\/wp-json\/wp\/v2\/media\/26594"}],"wp:attachment":[{"href":"https:\/\/bico.ee\/lt\/wp-json\/wp\/v2\/media?parent=24783"}],"wp:term":[{"taxonomy":"product_cat","embeddable":true,"href":"https:\/\/bico.ee\/lt\/wp-json\/wp\/v2\/product_cat?post=24783"},{"taxonomy":"product_tag","embeddable":true,"href":"https:\/\/bico.ee\/lt\/wp-json\/wp\/v2\/product_tag?post=24783"}],"curies":[{"name":"wp","href":"https:\/\/api.w.org\/{rel}","templated":true}]}}