{"id":26636,"date":"2026-04-10T18:44:04","date_gmt":"2026-04-10T18:44:04","guid":{"rendered":""},"modified":"2026-04-10T18:44:04","modified_gmt":"2026-04-10T18:44:04","slug":"harjatud-terasest-kuulkett-bico-ssf1-2mm-kuulid-latt","status":"publish","type":"product","link":"https:\/\/bico.ee\/lt\/p\/rutuline-grandine-slifuoto-plieno-bico-ssf1-2-mm-rutuliai-tik-strypas\/","title":{"rendered":"Rutulin\u0117 grandin\u0117 \u0161lifuoto plieno bico (SSF1) 2 mm rutuliai + tik strypas"},"content":{"rendered":"<p>0\u0160i rutulin\u0117 grandin\u0117 pagaminta i\u0161 ner\u016bdijan\u010dio plieno, \u0161lifuojama rankomis ir suteikiama mink\u0161ta matin\u0117 apdaila. Beveik am\u017eina med\u017eiaga, kuriai nereikia prie\u017ei\u016bros, neprarandant pra\u0161matnumo. Ilg\u012f galima reguliuoti sriegiant grandin\u0119 per u\u017esegim\u0105, o grandin\u0119 galima sutrumpinti pjaustant tarp jung\u010di\u0173. Galimas ilgis: 40-75cm, priklausomai nuo modelio. &#8216;Bico&#8217; si\u016blo daugyb\u0119 originali\u0173 pakab\u0173, kad u\u017ebaigt\u0173 E serijos rinkin\u012f ir pana\u0161iai.<\/p>","protected":false},"excerpt":{"rendered":"<p>SSF1 0<\/p>\n","protected":false},"featured_media":27098,"template":"","meta":[],"product_cat":[199],"product_tag":[],"_links":{"self":[{"href":"https:\/\/bico.ee\/lt\/wp-json\/wp\/v2\/product\/26636"}],"collection":[{"href":"https:\/\/bico.ee\/lt\/wp-json\/wp\/v2\/product"}],"about":[{"href":"https:\/\/bico.ee\/lt\/wp-json\/wp\/v2\/types\/product"}],"wp:featuredmedia":[{"embeddable":true,"href":"https:\/\/bico.ee\/lt\/wp-json\/wp\/v2\/media\/27098"}],"wp:attachment":[{"href":"https:\/\/bico.ee\/lt\/wp-json\/wp\/v2\/media?parent=26636"}],"wp:term":[{"taxonomy":"product_cat","embeddable":true,"href":"https:\/\/bico.ee\/lt\/wp-json\/wp\/v2\/product_cat?post=26636"},{"taxonomy":"product_tag","embeddable":true,"href":"https:\/\/bico.ee\/lt\/wp-json\/wp\/v2\/product_tag?post=26636"}],"curies":[{"name":"wp","href":"https:\/\/api.w.org\/{rel}","templated":true}]}}