{"id":26671,"date":"2026-04-10T18:44:04","date_gmt":"2026-04-10T18:44:04","guid":{"rendered":""},"modified":"2026-04-10T18:44:04","modified_gmt":"2026-04-10T18:44:04","slug":"harjatud-terasest-kett-stylus-bico-ssf14","status":"publish","type":"product","link":"https:\/\/bico.ee\/lt\/p\/grandines-rasiklis-slifuoto-plieno-bico-ssf14\/","title":{"rendered":"Grandin\u0117s ra\u0161iklis \u0161lifuoto plieno BICO (SSF14)"},"content":{"rendered":"<p>\u0160i grandin\u0117 pagaminta i\u0161 ner\u016bdijan\u010dio plieno, \u0161lifuota rankomis ir suteikta mink\u0161ta matin\u0117 apdaila. Beveik am\u017eina med\u017eiaga, kuriai nereikia prie\u017ei\u016bros, neprarandant pra\u0161matnumo. Galimas ilgis: 40-75cm, priklausomai nuo modelio. &#8216;Bico&#8217; si\u016blo daugyb\u0119 originali\u0173 pakab\u0173, kad u\u017ebaigt\u0173 E serijos rinkin\u012f ir pana\u0161iai.<\/p>","protected":false},"excerpt":{"rendered":"<p>SSF14 0<\/p>\n","protected":false},"featured_media":26679,"template":"","meta":[],"product_cat":[199],"product_tag":[],"_links":{"self":[{"href":"https:\/\/bico.ee\/lt\/wp-json\/wp\/v2\/product\/26671"}],"collection":[{"href":"https:\/\/bico.ee\/lt\/wp-json\/wp\/v2\/product"}],"about":[{"href":"https:\/\/bico.ee\/lt\/wp-json\/wp\/v2\/types\/product"}],"wp:featuredmedia":[{"embeddable":true,"href":"https:\/\/bico.ee\/lt\/wp-json\/wp\/v2\/media\/26679"}],"wp:attachment":[{"href":"https:\/\/bico.ee\/lt\/wp-json\/wp\/v2\/media?parent=26671"}],"wp:term":[{"taxonomy":"product_cat","embeddable":true,"href":"https:\/\/bico.ee\/lt\/wp-json\/wp\/v2\/product_cat?post=26671"},{"taxonomy":"product_tag","embeddable":true,"href":"https:\/\/bico.ee\/lt\/wp-json\/wp\/v2\/product_tag?post=26671"}],"curies":[{"name":"wp","href":"https:\/\/api.w.org\/{rel}","templated":true}]}}