{"id":26833,"date":"2026-04-10T18:44:05","date_gmt":"2026-04-10T18:44:05","guid":{"rendered":""},"modified":"2026-04-10T18:44:05","modified_gmt":"2026-04-10T18:44:05","slug":"harjatud-terasest-kaevoru-bico-ssfb022-5mm","status":"publish","type":"product","link":"https:\/\/bico.ee\/lt\/p\/apyranke-slifuoto-plieno-bico-ssfb022-5-mm\/","title":{"rendered":"Apyrank\u0117 \u0161lifuoto plieno Bico (SSFB022) 5 mm"},"content":{"rendered":"<p>\u0160i apyrank\u0117 pagaminta i\u0161 ner\u016bdijan\u010dio plieno, poliruota rankomis ir suteikta mink\u0161ta matin\u0117 apdaila. Beveik am\u017eina med\u017eiaga, kuriai nereikia prie\u017ei\u016bros, neprarandant pra\u0161matnumo. Galimas ilgis: 18,21,24cm, priklausomai nuo modelio. &#8216;Bico&#8217; si\u016blo apyrank\u0119 papildyti grandin\u0117mis su originaliais pakabukais, kad u\u017ebaigtum\u0117te rinkin\u012f.<\/p>","protected":false},"excerpt":{"rendered":"<p>SSFB022 0<\/p>\n","protected":false},"featured_media":26847,"template":"","meta":[],"product_cat":[311,106],"product_tag":[],"_links":{"self":[{"href":"https:\/\/bico.ee\/lt\/wp-json\/wp\/v2\/product\/26833"}],"collection":[{"href":"https:\/\/bico.ee\/lt\/wp-json\/wp\/v2\/product"}],"about":[{"href":"https:\/\/bico.ee\/lt\/wp-json\/wp\/v2\/types\/product"}],"wp:featuredmedia":[{"embeddable":true,"href":"https:\/\/bico.ee\/lt\/wp-json\/wp\/v2\/media\/26847"}],"wp:attachment":[{"href":"https:\/\/bico.ee\/lt\/wp-json\/wp\/v2\/media?parent=26833"}],"wp:term":[{"taxonomy":"product_cat","embeddable":true,"href":"https:\/\/bico.ee\/lt\/wp-json\/wp\/v2\/product_cat?post=26833"},{"taxonomy":"product_tag","embeddable":true,"href":"https:\/\/bico.ee\/lt\/wp-json\/wp\/v2\/product_tag?post=26833"}],"curies":[{"name":"wp","href":"https:\/\/api.w.org\/{rel}","templated":true}]}}