{"id":27963,"date":"2026-04-10T18:44:05","date_gmt":"2026-04-10T18:44:05","guid":{"rendered":""},"modified":"2026-04-10T18:44:05","modified_gmt":"2026-04-10T18:44:05","slug":"adapteri-rongas-bico-ripatsile-l2-11mm","status":"publish","type":"product","link":"https:\/\/bico.ee\/lt\/p\/adapterio-ziedas-bico-pakabukui-l2-11mm\/","title":{"rendered":"Adapterio \u017eiedas BICO pakabukui (L2) 11mm"},"content":{"rendered":"<p>\u0160is \u017eiedas naudojamas, jei norite:<br \/>\n<BR><UL><LI>Ne\u0161ioti kelis pakabukus ant vienos grandin\u0117l\u0117s ar antkaklio vienu metu.<\/LI> <LI>Pakabuko kilpa yra per ma\u017ea, kad b\u016bt\u0173 galima u\u017ed\u0117ti ant grandin\u0117l\u0117s ar antkaklio.<\/LI> <LI>\u017diedas, kuris buvo komplekte su BICO antkakliu, pamestas.<\/LI> <LI>Kilp\u0173 skersmenys: L1 = 15 mm, L2 = 11 mm, L3 = 10 mm, L10 = 13 mm, L11 = 13 mm<\/LI><\/UL><\/p>","protected":false},"excerpt":{"rendered":"<p>L2 PIGU60685174<\/p>\n","protected":false},"featured_media":27981,"template":"","meta":[],"product_cat":[303],"product_tag":[],"_links":{"self":[{"href":"https:\/\/bico.ee\/lt\/wp-json\/wp\/v2\/product\/27963"}],"collection":[{"href":"https:\/\/bico.ee\/lt\/wp-json\/wp\/v2\/product"}],"about":[{"href":"https:\/\/bico.ee\/lt\/wp-json\/wp\/v2\/types\/product"}],"wp:featuredmedia":[{"embeddable":true,"href":"https:\/\/bico.ee\/lt\/wp-json\/wp\/v2\/media\/27981"}],"wp:attachment":[{"href":"https:\/\/bico.ee\/lt\/wp-json\/wp\/v2\/media?parent=27963"}],"wp:term":[{"taxonomy":"product_cat","embeddable":true,"href":"https:\/\/bico.ee\/lt\/wp-json\/wp\/v2\/product_cat?post=27963"},{"taxonomy":"product_tag","embeddable":true,"href":"https:\/\/bico.ee\/lt\/wp-json\/wp\/v2\/product_tag?post=27963"}],"curies":[{"name":"wp","href":"https:\/\/api.w.org\/{rel}","templated":true}]}}