{"id":28220,"date":"2026-04-10T18:44:00","date_gmt":"2026-04-10T18:44:00","guid":{"rendered":""},"modified":"2026-04-10T18:44:00","modified_gmt":"2026-04-10T18:44:00","slug":"bico-6-mm-tumepruun-punutud-nahast-kaelakee-kasitsi-valmistatud-kinnituste-ja-aasaga-cl15-darkbrown","status":"publish","type":"product","link":"https:\/\/bico.ee\/lt\/p\/bico-6-mm-tamsiai-rudas-pintos-odos-verinys-su-ranku-darbo-uzsegimais-ir-kilpele-cl15-darkbrown\/","title":{"rendered":"Bico 6 mm tamsiai rudas pintos odos v\u0117rinys su rank\u0173 darbo u\u017esegimais ir kilpele (CL15 DarkBrown)"},"content":{"rendered":"<p>BICO odos gaminiai gaminami naudojant tik nat\u016brali\u0105 karv\u0117s od\u0105. Kadangi oda yra nat\u016bralus produktas, kiekvieno gaminio spalva ir tekst\u016bra gali \u0161iek tiek skirtis.<BR><UL><LI>Pagaminta naudojant 5 mm pint\u0105 odin\u0119 virvel\u0119 ir satino apdailos ner\u016bdijant\u012f plien\u0105.<\/LI><LI>Galimos spalvos: juoda, ruda, tamsiai ruda <\/LI><LI>Galimi ilgiai: 40, 45, 50, 55 ir 65 cm<\/LI><LI>Bico si\u016blo originali\u0173 pakabuk\u0173 asortiment\u0105, kad b\u016bt\u0173 u\u017ebaigtas rinkinys<\/LI><\/UL><\/p>","protected":false},"excerpt":{"rendered":"<p>CL15DKBR 0<\/p>\n","protected":false},"featured_media":28279,"template":"","meta":[],"product_cat":[313],"product_tag":[],"_links":{"self":[{"href":"https:\/\/bico.ee\/lt\/wp-json\/wp\/v2\/product\/28220"}],"collection":[{"href":"https:\/\/bico.ee\/lt\/wp-json\/wp\/v2\/product"}],"about":[{"href":"https:\/\/bico.ee\/lt\/wp-json\/wp\/v2\/types\/product"}],"wp:featuredmedia":[{"embeddable":true,"href":"https:\/\/bico.ee\/lt\/wp-json\/wp\/v2\/media\/28279"}],"wp:attachment":[{"href":"https:\/\/bico.ee\/lt\/wp-json\/wp\/v2\/media?parent=28220"}],"wp:term":[{"taxonomy":"product_cat","embeddable":true,"href":"https:\/\/bico.ee\/lt\/wp-json\/wp\/v2\/product_cat?post=28220"},{"taxonomy":"product_tag","embeddable":true,"href":"https:\/\/bico.ee\/lt\/wp-json\/wp\/v2\/product_tag?post=28220"}],"curies":[{"name":"wp","href":"https:\/\/api.w.org\/{rel}","templated":true}]}}