{"id":28333,"date":"2026-04-10T18:44:04","date_gmt":"2026-04-10T18:44:04","guid":{"rendered":""},"modified":"2026-04-10T18:44:04","modified_gmt":"2026-04-10T18:44:04","slug":"kaevoru-nahast-bico-fb403brw","status":"publish","type":"product","link":"https:\/\/bico.ee\/lt\/p\/apyranke-odine-bico-fb403brw\/","title":{"rendered":"Apyrank\u0117 odin\u0117 Bico (FB403BRW)"},"content":{"rendered":"<p>Pavadinimas: Double Bolo<br \/>\n<BR><UL><LI> Dvigubos gijos .24\u2033 (6 mm) tamsiai rudos odos \u201ebolo\u201c apyrank\u0117 su rankomis apdirbtomis alavin\u0117mis jungtimis<br \/>\n<\/LI><LI> Klasikin\u0117 \u201eBico\u201c tamsiai rudos odos dviguba .24\u2033 (6 mm) \u201ebolo\u201c apyrank\u0117, derinama su tvirta alavine jungtimi, oksiduota iki juodos spalvos ir v\u0117liau rankomis \u0161lifuota, siekiant i\u0161gauti pary\u0161kinimus ir matin\u012f pavir\u0161i\u0173. <\/LI><\/UL><\/p>","protected":false},"excerpt":{"rendered":"<p>FB403BRW 0<\/p>\n","protected":false},"featured_media":28337,"template":"","meta":[],"product_cat":[106,159],"product_tag":[],"_links":{"self":[{"href":"https:\/\/bico.ee\/lt\/wp-json\/wp\/v2\/product\/28333"}],"collection":[{"href":"https:\/\/bico.ee\/lt\/wp-json\/wp\/v2\/product"}],"about":[{"href":"https:\/\/bico.ee\/lt\/wp-json\/wp\/v2\/types\/product"}],"wp:featuredmedia":[{"embeddable":true,"href":"https:\/\/bico.ee\/lt\/wp-json\/wp\/v2\/media\/28337"}],"wp:attachment":[{"href":"https:\/\/bico.ee\/lt\/wp-json\/wp\/v2\/media?parent=28333"}],"wp:term":[{"taxonomy":"product_cat","embeddable":true,"href":"https:\/\/bico.ee\/lt\/wp-json\/wp\/v2\/product_cat?post=28333"},{"taxonomy":"product_tag","embeddable":true,"href":"https:\/\/bico.ee\/lt\/wp-json\/wp\/v2\/product_tag?post=28333"}],"curies":[{"name":"wp","href":"https:\/\/api.w.org\/{rel}","templated":true}]}}