{"id":28363,"date":"2026-04-10T18:43:59","date_gmt":"2026-04-10T18:43:59","guid":{"rendered":""},"modified":"2026-04-10T18:43:59","modified_gmt":"2026-04-10T18:43:59","slug":"bico-rain-ketikaelakee-f13blk-3mm-1-8","status":"publish","type":"product","link":"https:\/\/bico.ee\/lt\/p\/bico-rain-grandininis-karoliai-f13blk-3mm-1-8\/","title":{"rendered":"Bico &#8220;Rain&#8221; grandininis karoliai (F13BLK) 3mm 1\/8\u2033"},"content":{"rendered":"<p>\u0160i grandin\u0117 pagaminta i\u0161 tvirto \u017ealvario, o ne i\u0161 plieno ar cinko, kaip pigesn\u0117s grandin\u0117s. Grandin\u0117 padengta juodos spalvos apdaila, rankiniu b\u016bdu poliruota, po to padengta auk\u0161\u010diausios kokyb\u0117s apsauginiu sluoksniu, kad prailgint\u0173 d\u0117v\u0117jimo laik\u0105. Kiekviena grandin\u0117 pagaminta i\u0161 \u017ealvario ir padengta juodos spalvos apdaila. Galima rinktis i\u0161 juodos arba sidabrin\u0117s spalvos ilgio: 40, 45, 50, 55 ir 65 cm. \u201eBico\u201c si\u016blo daugyb\u0119 originali\u0173 pakabuk\u0173 arba atitinkam\u0105 juod\u0105 apyrank\u0119 (FB13BLK).<\/p>","protected":false},"excerpt":{"rendered":"<p>F13BLK 0<\/p>\n","protected":false},"featured_media":28369,"template":"","meta":[],"product_cat":[199],"product_tag":[],"_links":{"self":[{"href":"https:\/\/bico.ee\/lt\/wp-json\/wp\/v2\/product\/28363"}],"collection":[{"href":"https:\/\/bico.ee\/lt\/wp-json\/wp\/v2\/product"}],"about":[{"href":"https:\/\/bico.ee\/lt\/wp-json\/wp\/v2\/types\/product"}],"wp:featuredmedia":[{"embeddable":true,"href":"https:\/\/bico.ee\/lt\/wp-json\/wp\/v2\/media\/28369"}],"wp:attachment":[{"href":"https:\/\/bico.ee\/lt\/wp-json\/wp\/v2\/media?parent=28363"}],"wp:term":[{"taxonomy":"product_cat","embeddable":true,"href":"https:\/\/bico.ee\/lt\/wp-json\/wp\/v2\/product_cat?post=28363"},{"taxonomy":"product_tag","embeddable":true,"href":"https:\/\/bico.ee\/lt\/wp-json\/wp\/v2\/product_tag?post=28363"}],"curies":[{"name":"wp","href":"https:\/\/api.w.org\/{rel}","templated":true}]}}