{"id":13973,"date":"2026-04-10T18:43:54","date_gmt":"2026-04-10T18:43:54","guid":{"rendered":""},"modified":"2026-04-10T18:43:54","modified_gmt":"2026-04-10T18:43:54","slug":"bico-bennu-ripats-roosipuuga-ew10","status":"publish","type":"product","link":"https:\/\/bico.ee\/lv\/p\/biko-bennu-kulons-ar-rozkoksni-ew10\/","title":{"rendered":"Biko &#8220;Bennu&#8221; kulons ar ro\u017ekoksni (EW10)"},"content":{"rendered":"<p>Sp\u0113c\u012bga m\u0101ksl\u012bgu un dabisku elementu kombin\u0101cija. Ar rok\u0101m pul\u0113ts sudraba p\u0101rkl\u0101juma alvas kulons ar ro\u017ekoka ieliktni. <BR><UL><LI>Nosaukums: Bennu <\/LI><LI>Noz\u012bme: pacelties, pacelties <\/LI><LI> Bico pied\u0101v\u0101 virkni mat\u0113tu gatavo \u0137\u0113\u017eu un \u0101das auklu un \u017e\u0146audz\u0113ju, kas papildin\u0101s \u0161o kulonu Pieejam\u0101 apdare: sudrabainais alva ar ro\u017ekoka ieliktni. Kulona platums: 1,3 cm garums: 2,6 cm cilpas diametrs: 9 mm<\/p>","protected":false},"excerpt":{"rendered":"<p>EW10 825873043868<\/p>\n","protected":false},"featured_media":8047,"template":"","meta":[],"product_cat":[277,279],"product_tag":[],"_links":{"self":[{"href":"https:\/\/bico.ee\/lv\/wp-json\/wp\/v2\/product\/13973"}],"collection":[{"href":"https:\/\/bico.ee\/lv\/wp-json\/wp\/v2\/product"}],"about":[{"href":"https:\/\/bico.ee\/lv\/wp-json\/wp\/v2\/types\/product"}],"wp:featuredmedia":[{"embeddable":true,"href":"https:\/\/bico.ee\/lv\/wp-json\/wp\/v2\/media\/8047"}],"wp:attachment":[{"href":"https:\/\/bico.ee\/lv\/wp-json\/wp\/v2\/media?parent=13973"}],"wp:term":[{"taxonomy":"product_cat","embeddable":true,"href":"https:\/\/bico.ee\/lv\/wp-json\/wp\/v2\/product_cat?post=13973"},{"taxonomy":"product_tag","embeddable":true,"href":"https:\/\/bico.ee\/lv\/wp-json\/wp\/v2\/product_tag?post=13973"}],"curies":[{"name":"wp","href":"https:\/\/api.w.org\/{rel}","templated":true}]}}