{"id":13983,"date":"2026-04-24T07:43:51","date_gmt":"2026-04-24T07:43:51","guid":{"rendered":""},"modified":"2026-04-24T07:43:51","modified_gmt":"2026-04-24T07:43:51","slug":"bico-lifeseed-ripats-roosipuuga-ew18","status":"publish","type":"product","link":"https:\/\/bico.ee\/lv\/p\/bico-lifeseed-kulons-ar-rozkoksni-ew18\/","title":{"rendered":"Bico &#8220;Lifeseed&#8221; kulons ar ro\u017ekoksni (EW18)"},"content":{"rendered":"<p>Sp\u0113c\u012bga m\u0101ksl\u012bgu un dabisku elementu kombin\u0101cija. Ar rok\u0101m pul\u0113ts sudraba p\u0101rkl\u0101juma alvas kulons ar ro\u017ekoka ieliktni. <BR><UL><LI>Nosaukums: M\u016b\u017ea s\u0113kla <\/LI><LI>Noz\u012bme: Cilv\u0113ce iztur <\/LI><LI> Bico pied\u0101v\u0101 virkni mat\u0113tu gatavo \u0137\u0113\u017eu un \u0101das auklu un \u017e\u0146audz\u0113ju, kas papildin\u0101s \u0161o kulonu Pieejam\u0101 apdare: sudraba p\u0101rkl\u0101juma alva ar ro\u017ekoka ieliktni. Kulona platums: 2,1 cm Garums: 4,1 cm Cilpas diametrs: 6,5 mm<\/p>","protected":false},"excerpt":{"rendered":"<p>EW18 825873043943<\/p>\n","protected":false},"featured_media":8070,"template":"","meta":[],"product_cat":[277,279],"product_tag":[],"_links":{"self":[{"href":"https:\/\/bico.ee\/lv\/wp-json\/wp\/v2\/product\/13983"}],"collection":[{"href":"https:\/\/bico.ee\/lv\/wp-json\/wp\/v2\/product"}],"about":[{"href":"https:\/\/bico.ee\/lv\/wp-json\/wp\/v2\/types\/product"}],"wp:featuredmedia":[{"embeddable":true,"href":"https:\/\/bico.ee\/lv\/wp-json\/wp\/v2\/media\/8070"}],"wp:attachment":[{"href":"https:\/\/bico.ee\/lv\/wp-json\/wp\/v2\/media?parent=13983"}],"wp:term":[{"taxonomy":"product_cat","embeddable":true,"href":"https:\/\/bico.ee\/lv\/wp-json\/wp\/v2\/product_cat?post=13983"},{"taxonomy":"product_tag","embeddable":true,"href":"https:\/\/bico.ee\/lv\/wp-json\/wp\/v2\/product_tag?post=13983"}],"curies":[{"name":"wp","href":"https:\/\/api.w.org\/{rel}","templated":true}]}}