{"id":13986,"date":"2026-04-10T18:43:55","date_gmt":"2026-04-10T18:43:55","guid":{"rendered":""},"modified":"2026-04-10T18:43:55","modified_gmt":"2026-04-10T18:43:55","slug":"bico-tribalist-surfilaua-ripats-roosipuuga-ew51","status":"publish","type":"product","link":"https:\/\/bico.ee\/lv\/p\/bico-tribalist-serfosanas-dela-kulons-ar-rozkoksni-ew51\/","title":{"rendered":"Bico &#8220;Tribalist&#8221; s\u0113rfo\u0161anas d\u0113\u013ca kulons ar ro\u017ekoksni (EW51)"},"content":{"rendered":"<p>Sp\u0113c\u012bga m\u0101ksl\u012bgu un dabisku elementu kombin\u0101cija. Ar rok\u0101m pul\u0113ts sudraba p\u0101rkl\u0101juma alvas kulons ar ro\u017ekoka ieliktni. <BR><UL><LI>Nosaukums: Tribalist <\/LI><LI>Noz\u012bme: s\u0113rfo\u0161anas v\u012bza, \u0161\u0137\u0113rsojot visas robe\u017eas <\/LI><LI> Bico pied\u0101v\u0101 virkni mat\u0113tu gatavo \u0137\u0113\u017eu un \u0101das auklu un kaklasaites, kas papildin\u0101s \u0161o kulonu Pieejam\u0101 apdare: sudraba p\u0101rkl\u0101juma alva ar ro\u017ekoka ieliktni. Kulona platums: 1,4 cm Garums: 5,3 cm Cilpas diametrs: 6,5 mm<\/p>","protected":false},"excerpt":{"rendered":"<p>EW51 825873043967<\/p>\n","protected":false},"featured_media":8080,"template":"","meta":[],"product_cat":[277,279],"product_tag":[],"_links":{"self":[{"href":"https:\/\/bico.ee\/lv\/wp-json\/wp\/v2\/product\/13986"}],"collection":[{"href":"https:\/\/bico.ee\/lv\/wp-json\/wp\/v2\/product"}],"about":[{"href":"https:\/\/bico.ee\/lv\/wp-json\/wp\/v2\/types\/product"}],"wp:featuredmedia":[{"embeddable":true,"href":"https:\/\/bico.ee\/lv\/wp-json\/wp\/v2\/media\/8080"}],"wp:attachment":[{"href":"https:\/\/bico.ee\/lv\/wp-json\/wp\/v2\/media?parent=13986"}],"wp:term":[{"taxonomy":"product_cat","embeddable":true,"href":"https:\/\/bico.ee\/lv\/wp-json\/wp\/v2\/product_cat?post=13986"},{"taxonomy":"product_tag","embeddable":true,"href":"https:\/\/bico.ee\/lv\/wp-json\/wp\/v2\/product_tag?post=13986"}],"curies":[{"name":"wp","href":"https:\/\/api.w.org\/{rel}","templated":true}]}}