{"id":13988,"date":"2026-04-10T18:43:55","date_gmt":"2026-04-10T18:43:55","guid":{"rendered":""},"modified":"2026-04-10T18:43:55","modified_gmt":"2026-04-10T18:43:55","slug":"bico-nucleus-ripats-roosipuuga-ew53","status":"publish","type":"product","link":"https:\/\/bico.ee\/lv\/p\/bico-nucleus-kulons-ar-rozkoksni-ew53\/","title":{"rendered":"Bico &#8220;Nucleus&#8221; kulons ar ro\u017ekoksni (EW53)"},"content":{"rendered":"<p>Sp\u0113c\u012bga m\u0101ksl\u012bgu un dabisku elementu kombin\u0101cija. Ar rok\u0101m pul\u0113ts sudraba p\u0101rkl\u0101juma alvas kulons ar ro\u017ekoka ieliktni. <BR><UL><LI>Nosaukums: Kodols <\/LI><LI>Noz\u012bme: Core Foundations, Spark Of Life <\/LI><LI> Bico pied\u0101v\u0101 virkni mat\u0113tu gatavo \u0137\u0113\u017eu un \u0101das auklu un aizb\u0101\u017e\u0146u, kas papildin\u0101s \u0161o kulonu Pieejam\u0101 apdare: sudrabainais alva ar ro\u017ekoka ieliktni. Kulona platums: 2 cm garums: 4 cm cilpas diametrs: 6,5 mm<\/p>","protected":false},"excerpt":{"rendered":"<p>EW53 825873043981<\/p>\n","protected":false},"featured_media":8086,"template":"","meta":[],"product_cat":[277,279],"product_tag":[],"_links":{"self":[{"href":"https:\/\/bico.ee\/lv\/wp-json\/wp\/v2\/product\/13988"}],"collection":[{"href":"https:\/\/bico.ee\/lv\/wp-json\/wp\/v2\/product"}],"about":[{"href":"https:\/\/bico.ee\/lv\/wp-json\/wp\/v2\/types\/product"}],"wp:featuredmedia":[{"embeddable":true,"href":"https:\/\/bico.ee\/lv\/wp-json\/wp\/v2\/media\/8086"}],"wp:attachment":[{"href":"https:\/\/bico.ee\/lv\/wp-json\/wp\/v2\/media?parent=13988"}],"wp:term":[{"taxonomy":"product_cat","embeddable":true,"href":"https:\/\/bico.ee\/lv\/wp-json\/wp\/v2\/product_cat?post=13988"},{"taxonomy":"product_tag","embeddable":true,"href":"https:\/\/bico.ee\/lv\/wp-json\/wp\/v2\/product_tag?post=13988"}],"curies":[{"name":"wp","href":"https:\/\/api.w.org\/{rel}","templated":true}]}}