{"id":13991,"date":"2026-04-10T18:43:55","date_gmt":"2026-04-10T18:43:55","guid":{"rendered":""},"modified":"2026-04-10T18:43:55","modified_gmt":"2026-04-10T18:43:55","slug":"bico-cella-kaheosaline-poorlev-hoimuliip-s1-must","status":"publish","type":"product","link":"https:\/\/bico.ee\/lv\/p\/bico-cella-divu-dalu-verpsanas-cilts-kulons-s1-melns\/","title":{"rendered":"Bico &#8220;Cella&#8221; divu da\u013cu v\u0113rp\u0161anas cilts kulons (S1 melns)"},"content":{"rendered":"<p>Sare\u017e\u0123\u012bti kuloni ar v\u0113rp\u0161anas centriem ar p\u0101rsteidzo\u0161i at\u0161\u0137ir\u012bgu dizainu gan priek\u0161pus\u0113, gan aizmugur\u0113. <BR><UL><LI>Nosaukums: Cella <\/LI><LI>Noz\u012bme: Inner Drive, iedvesmots no iek\u0161puses \/LI><LI>Bico pied\u0101v\u0101 virkni mat\u0113tu gatavo \u0137\u0113\u017eu un \u0101das auklu un aizb\u0101\u017e\u0146u, kas papildin\u0101s \u0161o piekarin\u0101to alvas kulonu ar centra v\u0113rp\u0161anas sekciju. Kulona platums: 3 cm garums: 3 cm cilpas diametrs: 6,5 mm<\/p>","protected":false},"excerpt":{"rendered":"<p>S1BLK 825873043998<\/p>\n","protected":false},"featured_media":8097,"template":"","meta":[],"product_cat":[277,280],"product_tag":[],"_links":{"self":[{"href":"https:\/\/bico.ee\/lv\/wp-json\/wp\/v2\/product\/13991"}],"collection":[{"href":"https:\/\/bico.ee\/lv\/wp-json\/wp\/v2\/product"}],"about":[{"href":"https:\/\/bico.ee\/lv\/wp-json\/wp\/v2\/types\/product"}],"wp:featuredmedia":[{"embeddable":true,"href":"https:\/\/bico.ee\/lv\/wp-json\/wp\/v2\/media\/8097"}],"wp:attachment":[{"href":"https:\/\/bico.ee\/lv\/wp-json\/wp\/v2\/media?parent=13991"}],"wp:term":[{"taxonomy":"product_cat","embeddable":true,"href":"https:\/\/bico.ee\/lv\/wp-json\/wp\/v2\/product_cat?post=13991"},{"taxonomy":"product_tag","embeddable":true,"href":"https:\/\/bico.ee\/lv\/wp-json\/wp\/v2\/product_tag?post=13991"}],"curies":[{"name":"wp","href":"https:\/\/api.w.org\/{rel}","templated":true}]}}