{"id":13996,"date":"2026-04-10T18:43:55","date_gmt":"2026-04-10T18:43:55","guid":{"rendered":""},"modified":"2026-04-10T18:43:55","modified_gmt":"2026-04-10T18:43:55","slug":"bico-triscelicat-kaheosaline-poorlev-hoimuliip-s8-messingvask","status":"publish","type":"product","link":"https:\/\/bico.ee\/lv\/p\/bico-triscelicat-divu-dalu-verpsanas-cilts-kulons-s8-misina-vars\/","title":{"rendered":"Bico &#8220;Triscelicat&#8221; divu da\u013cu v\u0113rp\u0161anas cilts kulons (S8 misi\u0146a var\u0161)"},"content":{"rendered":"<p>Sare\u017e\u0123\u012bti kuloni ar v\u0113rp\u0161anas centriem ar p\u0101rsteidzo\u0161i at\u0161\u0137ir\u012bgu dizainu gan priek\u0161pus\u0113, gan aizmugur\u0113. <BR><UL><LI>Nosaukums: Triscelicat<\/LI><LI> Noz\u012bme: uz aug\u0161u un uz priek\u0161u <\/LI><LI> Bico pied\u0101v\u0101 virkni mat\u0113tu gatavo \u0137\u0113\u017eu un \u0101das auklu un aizb\u0101\u017e\u0146u, kas papildin\u0101s \u0161o kulonu p\u0101rkl\u0101tu alvas kulonu ar centra v\u0113rp\u0161anas sekciju. Kulona platums: 2,9 cm garums: 2,9 cm cilpas diametrs: 6,5 mm<\/p>","protected":false},"excerpt":{"rendered":"<p>S8AB 825873044216<\/p>\n","protected":false},"featured_media":8110,"template":"","meta":[],"product_cat":[277,280],"product_tag":[],"_links":{"self":[{"href":"https:\/\/bico.ee\/lv\/wp-json\/wp\/v2\/product\/13996"}],"collection":[{"href":"https:\/\/bico.ee\/lv\/wp-json\/wp\/v2\/product"}],"about":[{"href":"https:\/\/bico.ee\/lv\/wp-json\/wp\/v2\/types\/product"}],"wp:featuredmedia":[{"embeddable":true,"href":"https:\/\/bico.ee\/lv\/wp-json\/wp\/v2\/media\/8110"}],"wp:attachment":[{"href":"https:\/\/bico.ee\/lv\/wp-json\/wp\/v2\/media?parent=13996"}],"wp:term":[{"taxonomy":"product_cat","embeddable":true,"href":"https:\/\/bico.ee\/lv\/wp-json\/wp\/v2\/product_cat?post=13996"},{"taxonomy":"product_tag","embeddable":true,"href":"https:\/\/bico.ee\/lv\/wp-json\/wp\/v2\/product_tag?post=13996"}],"curies":[{"name":"wp","href":"https:\/\/api.w.org\/{rel}","templated":true}]}}