{"id":14000,"date":"2026-04-10T18:43:55","date_gmt":"2026-04-10T18:43:55","guid":{"rendered":""},"modified":"2026-04-10T18:43:55","modified_gmt":"2026-04-10T18:43:55","slug":"bico-dragon-hobedane-ja-kuldne-2-tooniline-ripats-t11","status":"publish","type":"product","link":"https:\/\/bico.ee\/lv\/p\/bico-dragon-sudraba-un-zelta-2-tonu-kulons-t11\/","title":{"rendered":"Bico &#8220;Dragon&#8221; sudraba un zelta 2 to\u0146u kulons (T11)"},"content":{"rendered":"<p>Ledus un uguns elementi sapl\u016bda kop\u0101. <BR><UL><LI>Nosaukums: P\u016b\u0137is <\/LI><LI>Noz\u012bme: Valiant Defender, Protection <\/LI><LI>Bico pied\u0101v\u0101 virkni mat\u0113tu gatavo \u0137\u0113\u017eu un \u0101das auklu un kaklasaites, kas papildin\u0101s \u0161o kulonu ar zelta un sudraba p\u0101rkl\u0101jumu ar unik\u0101lu aizsargp\u0101rkl\u0101jumu. Kulona platums: 1,3 cm Garums: 2,9 cm Cilpas diametrs: 6,5 mm<\/p>","protected":false},"excerpt":{"rendered":"<p>T11 825873001158<\/p>\n","protected":false},"featured_media":8119,"template":"","meta":[],"product_cat":[277,278],"product_tag":[],"_links":{"self":[{"href":"https:\/\/bico.ee\/lv\/wp-json\/wp\/v2\/product\/14000"}],"collection":[{"href":"https:\/\/bico.ee\/lv\/wp-json\/wp\/v2\/product"}],"about":[{"href":"https:\/\/bico.ee\/lv\/wp-json\/wp\/v2\/types\/product"}],"wp:featuredmedia":[{"embeddable":true,"href":"https:\/\/bico.ee\/lv\/wp-json\/wp\/v2\/media\/8119"}],"wp:attachment":[{"href":"https:\/\/bico.ee\/lv\/wp-json\/wp\/v2\/media?parent=14000"}],"wp:term":[{"taxonomy":"product_cat","embeddable":true,"href":"https:\/\/bico.ee\/lv\/wp-json\/wp\/v2\/product_cat?post=14000"},{"taxonomy":"product_tag","embeddable":true,"href":"https:\/\/bico.ee\/lv\/wp-json\/wp\/v2\/product_tag?post=14000"}],"curies":[{"name":"wp","href":"https:\/\/api.w.org\/{rel}","templated":true}]}}