{"id":14001,"date":"2026-04-10T18:43:55","date_gmt":"2026-04-10T18:43:55","guid":{"rendered":""},"modified":"2026-04-10T18:43:55","modified_gmt":"2026-04-10T18:43:55","slug":"bico-amoeba-hobedane-ja-kuldne-2-tooniline-ripats-t14","status":"publish","type":"product","link":"https:\/\/bico.ee\/lv\/p\/bico-amoeba-sudraba-un-zelta-2-tonu-kulons-t14\/","title":{"rendered":"Bico &#8220;Amoeba&#8221; sudraba un zelta 2 to\u0146u kulons (T14)"},"content":{"rendered":"<p>Ledus un uguns elementi sapl\u016bda kop\u0101. <BR><UL><LI>Nosaukums: Amoeba <\/LI><LI>Noz\u012bme: Rado\u0161\u0101s ener\u0123ijas izlaidums <\/LI><LI>Bico pied\u0101v\u0101 virkni mat\u0113tu gatavo \u0137\u0113\u017eu un \u0101das auklu un aizb\u0101\u017e\u0146u, kas papildin\u0101s \u0161o kulonu ar zelta un sudraba p\u0101rkl\u0101jumu ar unik\u0101lu aizsargp\u0101rkl\u0101jumu. Kulona platums: 1,3 cm garums: 3,1 cm cilpas diametrs: 6,5 mm<\/p>","protected":false},"excerpt":{"rendered":"<p>T14 825873001189<\/p>\n","protected":false},"featured_media":8121,"template":"","meta":[],"product_cat":[277,278],"product_tag":[],"_links":{"self":[{"href":"https:\/\/bico.ee\/lv\/wp-json\/wp\/v2\/product\/14001"}],"collection":[{"href":"https:\/\/bico.ee\/lv\/wp-json\/wp\/v2\/product"}],"about":[{"href":"https:\/\/bico.ee\/lv\/wp-json\/wp\/v2\/types\/product"}],"wp:featuredmedia":[{"embeddable":true,"href":"https:\/\/bico.ee\/lv\/wp-json\/wp\/v2\/media\/8121"}],"wp:attachment":[{"href":"https:\/\/bico.ee\/lv\/wp-json\/wp\/v2\/media?parent=14001"}],"wp:term":[{"taxonomy":"product_cat","embeddable":true,"href":"https:\/\/bico.ee\/lv\/wp-json\/wp\/v2\/product_cat?post=14001"},{"taxonomy":"product_tag","embeddable":true,"href":"https:\/\/bico.ee\/lv\/wp-json\/wp\/v2\/product_tag?post=14001"}],"curies":[{"name":"wp","href":"https:\/\/api.w.org\/{rel}","templated":true}]}}