{"id":14002,"date":"2026-04-10T18:43:55","date_gmt":"2026-04-10T18:43:55","guid":{"rendered":""},"modified":"2026-04-10T18:43:55","modified_gmt":"2026-04-10T18:43:55","slug":"bico-eagle-hobedane-ja-kuldne-kahetooniline-ripats-t15","status":"publish","type":"product","link":"https:\/\/bico.ee\/lv\/p\/bico-erglis-sudraba-un-zelta-2-tonu-kulons-t15\/","title":{"rendered":"Bico &#8220;\u0112rglis&#8221; sudraba un zelta 2 to\u0146u kulons (T15)"},"content":{"rendered":"<p>Ledus un uguns elementi sapl\u016bda kop\u0101. <BR><UL><LI>Nosaukums: \u0112rglis <\/LI><LI>Noz\u012bme: Liela uztveres sp\u0113ja <\/LI><LI>Bico pied\u0101v\u0101 virkni mat\u0113tu gatavo \u0137\u0113\u017eu un \u0101das auklu un kaklasaites, kas papildin\u0101s \u0161o kulonu ar zelta un sudraba p\u0101rkl\u0101jumu ar unik\u0101lu aizsargp\u0101rkl\u0101jumu. Kulona platums: 1,2 cm garums: 3,1 cm cilpas diametrs: 6,5 mm<\/p>","protected":false},"excerpt":{"rendered":"<p>T15 825873001196<\/p>\n","protected":false},"featured_media":8123,"template":"","meta":[],"product_cat":[277,278],"product_tag":[],"_links":{"self":[{"href":"https:\/\/bico.ee\/lv\/wp-json\/wp\/v2\/product\/14002"}],"collection":[{"href":"https:\/\/bico.ee\/lv\/wp-json\/wp\/v2\/product"}],"about":[{"href":"https:\/\/bico.ee\/lv\/wp-json\/wp\/v2\/types\/product"}],"wp:featuredmedia":[{"embeddable":true,"href":"https:\/\/bico.ee\/lv\/wp-json\/wp\/v2\/media\/8123"}],"wp:attachment":[{"href":"https:\/\/bico.ee\/lv\/wp-json\/wp\/v2\/media?parent=14002"}],"wp:term":[{"taxonomy":"product_cat","embeddable":true,"href":"https:\/\/bico.ee\/lv\/wp-json\/wp\/v2\/product_cat?post=14002"},{"taxonomy":"product_tag","embeddable":true,"href":"https:\/\/bico.ee\/lv\/wp-json\/wp\/v2\/product_tag?post=14002"}],"curies":[{"name":"wp","href":"https:\/\/api.w.org\/{rel}","templated":true}]}}