{"id":14006,"date":"2026-04-10T18:43:55","date_gmt":"2026-04-10T18:43:55","guid":{"rendered":""},"modified":"2026-04-10T18:43:55","modified_gmt":"2026-04-10T18:43:55","slug":"bico-forever-mees-ja-naispaar-ripatsid-bp2-kuld","status":"publish","type":"product","link":"https:\/\/bico.ee\/lv\/p\/bico-forever-viriesu-un-sieviesu-piekarini-bp2-gold\/","title":{"rendered":"Bico &#8220;Forever&#8221; v\u012brie\u0161u un sievie\u0161u piekari\u0146i (BP2 Gold)"},"content":{"rendered":"<p>Komplekt\u0101 tiek p\u0101rdots atbilsto\u0161s kulonu p\u0101ris, kas ir ide\u0101li piem\u0113rots sadal\u012b\u0161anai starp m\u012b\u013cajiem vai draugiem. <BR><UL><LI>Nosaukums: M\u016b\u017e\u012bgi <\/LI><LI>Noz\u012bme: Two Souls United Forever <\/LI><LI>Bico pied\u0101v\u0101 virkni \u0137\u0113\u017eu, \u0101das auklu un piekari\u0146u, lai pabeigtu atbilsto\u0161u piekari\u0146u p\u0101ri, kas atbilst piekari\u0146iem ar sudraba un zelta p\u0101rkl\u0101jumu. Kulona platums: 2 cm garums: 3,5 cm cilpas diametrs: 9 mm<\/p>","protected":false},"excerpt":{"rendered":"<p>BP2G 825873008102<\/p>\n","protected":false},"featured_media":8129,"template":"","meta":[],"product_cat":[277,281],"product_tag":[],"_links":{"self":[{"href":"https:\/\/bico.ee\/lv\/wp-json\/wp\/v2\/product\/14006"}],"collection":[{"href":"https:\/\/bico.ee\/lv\/wp-json\/wp\/v2\/product"}],"about":[{"href":"https:\/\/bico.ee\/lv\/wp-json\/wp\/v2\/types\/product"}],"wp:featuredmedia":[{"embeddable":true,"href":"https:\/\/bico.ee\/lv\/wp-json\/wp\/v2\/media\/8129"}],"wp:attachment":[{"href":"https:\/\/bico.ee\/lv\/wp-json\/wp\/v2\/media?parent=14006"}],"wp:term":[{"taxonomy":"product_cat","embeddable":true,"href":"https:\/\/bico.ee\/lv\/wp-json\/wp\/v2\/product_cat?post=14006"},{"taxonomy":"product_tag","embeddable":true,"href":"https:\/\/bico.ee\/lv\/wp-json\/wp\/v2\/product_tag?post=14006"}],"curies":[{"name":"wp","href":"https:\/\/api.w.org\/{rel}","templated":true}]}}