{"id":14007,"date":"2026-04-10T18:43:55","date_gmt":"2026-04-10T18:43:55","guid":{"rendered":""},"modified":"2026-04-10T18:43:55","modified_gmt":"2026-04-10T18:43:55","slug":"bico-star-gazes-paaris-ripatsid-bp3-hobedane-sinine","status":"publish","type":"product","link":"https:\/\/bico.ee\/lv\/p\/bico-star-gazes-pari-savienotie-piekarini-bp3-sudraba-zils\/","title":{"rendered":"Bico &#8220;Star Gazes&#8221; p\u0101r\u012b savienotie piekari\u0146i (BP3 sudraba zils)"},"content":{"rendered":"<p>Komplekt\u0101 tiek p\u0101rdots atbilsto\u0161s kulonu p\u0101ris, kas ir ide\u0101li piem\u0113rots sadal\u012b\u0161anai starp m\u012b\u013cajiem vai draugiem. <BR><UL><LI>Nosaukums: Zvaig\u017e\u0146u skatieni <\/LI><LI>Noz\u012bme: Skatieties aiz debes\u012bm Dego\u0161\u0101 v\u0113lme <\/LI><LI>Bico pied\u0101v\u0101 virkni \u0137\u0113\u017eu, \u0101das auklu un aizb\u0101\u017e\u0146u, lai pabeigtu atbilsto\u0161u piekari\u0146u p\u0101ri, kas atbilst piekari\u0146iem ar sudraba un zelta p\u0101rkl\u0101jumu un Swarovski krist\u0101liem. Kulona platums: 1,9 cm garums: 3,8 cm cilpas diametrs: 9 mm<\/p>","protected":false},"excerpt":{"rendered":"<p>BP3SBLU 825873007754<\/p>\n","protected":false},"featured_media":8131,"template":"","meta":[],"product_cat":[277,281],"product_tag":[],"_links":{"self":[{"href":"https:\/\/bico.ee\/lv\/wp-json\/wp\/v2\/product\/14007"}],"collection":[{"href":"https:\/\/bico.ee\/lv\/wp-json\/wp\/v2\/product"}],"about":[{"href":"https:\/\/bico.ee\/lv\/wp-json\/wp\/v2\/types\/product"}],"wp:featuredmedia":[{"embeddable":true,"href":"https:\/\/bico.ee\/lv\/wp-json\/wp\/v2\/media\/8131"}],"wp:attachment":[{"href":"https:\/\/bico.ee\/lv\/wp-json\/wp\/v2\/media?parent=14007"}],"wp:term":[{"taxonomy":"product_cat","embeddable":true,"href":"https:\/\/bico.ee\/lv\/wp-json\/wp\/v2\/product_cat?post=14007"},{"taxonomy":"product_tag","embeddable":true,"href":"https:\/\/bico.ee\/lv\/wp-json\/wp\/v2\/product_tag?post=14007"}],"curies":[{"name":"wp","href":"https:\/\/api.w.org\/{rel}","templated":true}]}}