{"id":14017,"date":"2026-04-10T18:43:55","date_gmt":"2026-04-10T18:43:55","guid":{"rendered":""},"modified":"2026-04-10T18:43:55","modified_gmt":"2026-04-10T18:43:55","slug":"bico-cross-tags-paaristatud-ristripatsid-bp8-must","status":"publish","type":"product","link":"https:\/\/bico.ee\/lv\/p\/bico-cross-tags-pari-savienotie-krusta-piekarini-bp8-melns\/","title":{"rendered":"Bico &#8220;Cross Tags&#8221; p\u0101r\u012b savienotie krusta piekari\u0146i (BP8 melns)"},"content":{"rendered":"<p>Komplekt\u0101 tiek p\u0101rdots atbilsto\u0161s kulonu p\u0101ris, kas ir ide\u0101li piem\u0113rots sadal\u012b\u0161anai starp m\u012b\u013cajiem vai draugiem. <BR><UL><LI>Nosaukums: Krusta z\u012bmes <\/LI><LI>Noz\u012bme: Lai izv\u0113l\u0113tos savu tic\u012bbu viens otram <\/LI><LI>Bico pied\u0101v\u0101 virkni \u0137\u0113\u017eu, \u0101das auklu un piekari\u0146u, lai pabeigtu atbilsto\u0161u piekari\u0146u p\u0101ri, kas atbilst piekari\u0146iem ar \u0101das un Swarovski krist\u0101liem. Kulona platums: 1,5 cm garums: 2 cm cilpas diametrs: 6,5 mm<\/p>","protected":false},"excerpt":{"rendered":"<p>BP8BLK 825873044254<\/p>\n","protected":false},"featured_media":8145,"template":"","meta":[],"product_cat":[277,281],"product_tag":[],"_links":{"self":[{"href":"https:\/\/bico.ee\/lv\/wp-json\/wp\/v2\/product\/14017"}],"collection":[{"href":"https:\/\/bico.ee\/lv\/wp-json\/wp\/v2\/product"}],"about":[{"href":"https:\/\/bico.ee\/lv\/wp-json\/wp\/v2\/types\/product"}],"wp:featuredmedia":[{"embeddable":true,"href":"https:\/\/bico.ee\/lv\/wp-json\/wp\/v2\/media\/8145"}],"wp:attachment":[{"href":"https:\/\/bico.ee\/lv\/wp-json\/wp\/v2\/media?parent=14017"}],"wp:term":[{"taxonomy":"product_cat","embeddable":true,"href":"https:\/\/bico.ee\/lv\/wp-json\/wp\/v2\/product_cat?post=14017"},{"taxonomy":"product_tag","embeddable":true,"href":"https:\/\/bico.ee\/lv\/wp-json\/wp\/v2\/product_tag?post=14017"}],"curies":[{"name":"wp","href":"https:\/\/api.w.org\/{rel}","templated":true}]}}