{"id":14018,"date":"2026-04-10T18:43:55","date_gmt":"2026-04-10T18:43:55","guid":{"rendered":""},"modified":"2026-04-10T18:43:55","modified_gmt":"2026-04-10T18:43:55","slug":"bico-squire-paaristatud-ripatsid-bp9-must","status":"publish","type":"product","link":"https:\/\/bico.ee\/lv\/p\/bico-squire-pari-piekarinamie-kuloni-bp9-melns\/","title":{"rendered":"Bico &#8220;Squire&#8221; p\u0101r\u012b piekarin\u0101mie kuloni (BP9 melns)"},"content":{"rendered":"<p>Komplekt\u0101 tiek p\u0101rdots atbilsto\u0161s kulonu p\u0101ris, kas ir ide\u0101li piem\u0113rots sadal\u012b\u0161anai starp m\u012b\u013cajiem vai draugiem. <BR><UL><LI>Nosaukums: Squire <\/LI><LI>Noz\u012bme: Partneri iero\u010dos, komanda, kas j\u0101r\u0113\u0137in\u0101s ar Bico, pied\u0101v\u0101 virkni \u0137\u0113\u017eu, \u0101das auklu un piekari\u0146u, lai pabeigtu atbilsto\u0161u piekari\u0146u p\u0101ri, kas atbilst piekari\u0146iem ar \u0101das ielikt\u0146iem. Kulona platums: 1,6 cm Garums: 3,8 cm Cilpas diametrs: 6,5 mm<\/p>","protected":false},"excerpt":{"rendered":"<p>BP9BLK 825873044278<\/p>\n","protected":false},"featured_media":8147,"template":"","meta":[],"product_cat":[277,281],"product_tag":[],"_links":{"self":[{"href":"https:\/\/bico.ee\/lv\/wp-json\/wp\/v2\/product\/14018"}],"collection":[{"href":"https:\/\/bico.ee\/lv\/wp-json\/wp\/v2\/product"}],"about":[{"href":"https:\/\/bico.ee\/lv\/wp-json\/wp\/v2\/types\/product"}],"wp:featuredmedia":[{"embeddable":true,"href":"https:\/\/bico.ee\/lv\/wp-json\/wp\/v2\/media\/8147"}],"wp:attachment":[{"href":"https:\/\/bico.ee\/lv\/wp-json\/wp\/v2\/media?parent=14018"}],"wp:term":[{"taxonomy":"product_cat","embeddable":true,"href":"https:\/\/bico.ee\/lv\/wp-json\/wp\/v2\/product_cat?post=14018"},{"taxonomy":"product_tag","embeddable":true,"href":"https:\/\/bico.ee\/lv\/wp-json\/wp\/v2\/product_tag?post=14018"}],"curies":[{"name":"wp","href":"https:\/\/api.w.org\/{rel}","templated":true}]}}