{"id":14020,"date":"2026-04-10T18:43:55","date_gmt":"2026-04-10T18:43:55","guid":{"rendered":""},"modified":"2026-04-10T18:43:55","modified_gmt":"2026-04-10T18:43:55","slug":"bico-tesla-ripats-kummist-o-rongastega-or4","status":"publish","type":"product","link":"https:\/\/bico.ee\/lv\/p\/bico-tesla-kulons-ar-gumijas-gredzeniem-or4\/","title":{"rendered":"Bico &#8220;Tesla&#8221; kulons ar gumijas gredzeniem (OR4)"},"content":{"rendered":"<p>R\u016bpnieciska saj\u016bta ar cil\u0161u stila izj\u016btu, izmantojot gumijas O-gredzenus, lai pievienotu v\u0113l vienu dizaina dimensiju. <BR><UL><LI>Nosaukums: Tesla <\/LI><LI>Noz\u012bme: Ekscentriska gudr\u012bba <\/LI><LI> Ori\u0123in\u0101ls Bico kulons, kas apvieno gumijas elementus ar oksid\u0113tu mat\u0113tu sudraba apdari. Bico pied\u0101v\u0101 virkni \u0137\u0113\u017eu, \u0101das auklu un piekari\u0146u, lai pabeigtu atbilsto\u0161o piekari\u0146u p\u0101ri. Kulona platums: 3 cm garums: 3,4 cm cilpas diametrs: 6,5 mm<\/p>","protected":false},"excerpt":{"rendered":"<p>OR4 825873047484<\/p>\n","protected":false},"featured_media":8153,"template":"","meta":[],"product_cat":[277,282],"product_tag":[],"_links":{"self":[{"href":"https:\/\/bico.ee\/lv\/wp-json\/wp\/v2\/product\/14020"}],"collection":[{"href":"https:\/\/bico.ee\/lv\/wp-json\/wp\/v2\/product"}],"about":[{"href":"https:\/\/bico.ee\/lv\/wp-json\/wp\/v2\/types\/product"}],"wp:featuredmedia":[{"embeddable":true,"href":"https:\/\/bico.ee\/lv\/wp-json\/wp\/v2\/media\/8153"}],"wp:attachment":[{"href":"https:\/\/bico.ee\/lv\/wp-json\/wp\/v2\/media?parent=14020"}],"wp:term":[{"taxonomy":"product_cat","embeddable":true,"href":"https:\/\/bico.ee\/lv\/wp-json\/wp\/v2\/product_cat?post=14020"},{"taxonomy":"product_tag","embeddable":true,"href":"https:\/\/bico.ee\/lv\/wp-json\/wp\/v2\/product_tag?post=14020"}],"curies":[{"name":"wp","href":"https:\/\/api.w.org\/{rel}","templated":true}]}}