{"id":14022,"date":"2026-04-10T18:43:55","date_gmt":"2026-04-10T18:43:55","guid":{"rendered":""},"modified":"2026-04-10T18:43:55","modified_gmt":"2026-04-10T18:43:55","slug":"bico-archaios-ripats-kummist-o-rongastega-or6","status":"publish","type":"product","link":"https:\/\/bico.ee\/lv\/p\/bico-archaios-kulons-ar-gumijas-gredzeniem-or6\/","title":{"rendered":"Bico &#8220;Archaios&#8221; kulons ar gumijas gredzeniem (OR6)"},"content":{"rendered":"<p>R\u016bpnieciska saj\u016bta ar cil\u0161u stila izj\u016btu, izmantojot gumijas O-gredzenus, lai pievienotu v\u0113l vienu dizaina dimensiju. <BR><UL><LI>Nosaukums: Arhaiozi <\/LI><LI>Noz\u012bme: Sen\u0101 pag\u0101tne m\u016bs ved <\/LI><LI> Ori\u0123in\u0101ls Bico kulons, kas apvieno gumijas elementus ar oksid\u0113tu mat\u0113tu sudraba apdari. Bico pied\u0101v\u0101 virkni \u0137\u0113\u017eu, \u0101das auklu un piekari\u0146u, lai pabeigtu atbilsto\u0161o piekari\u0146u p\u0101ri. Kulona platums: 2,1 cm Garums: 2,6 cm Cilpas diametrs: 6,5 mm<\/p>","protected":false},"excerpt":{"rendered":"<p>OR6 825873047545<\/p>\n","protected":false},"featured_media":8159,"template":"","meta":[],"product_cat":[277,282],"product_tag":[],"_links":{"self":[{"href":"https:\/\/bico.ee\/lv\/wp-json\/wp\/v2\/product\/14022"}],"collection":[{"href":"https:\/\/bico.ee\/lv\/wp-json\/wp\/v2\/product"}],"about":[{"href":"https:\/\/bico.ee\/lv\/wp-json\/wp\/v2\/types\/product"}],"wp:featuredmedia":[{"embeddable":true,"href":"https:\/\/bico.ee\/lv\/wp-json\/wp\/v2\/media\/8159"}],"wp:attachment":[{"href":"https:\/\/bico.ee\/lv\/wp-json\/wp\/v2\/media?parent=14022"}],"wp:term":[{"taxonomy":"product_cat","embeddable":true,"href":"https:\/\/bico.ee\/lv\/wp-json\/wp\/v2\/product_cat?post=14022"},{"taxonomy":"product_tag","embeddable":true,"href":"https:\/\/bico.ee\/lv\/wp-json\/wp\/v2\/product_tag?post=14022"}],"curies":[{"name":"wp","href":"https:\/\/api.w.org\/{rel}","templated":true}]}}