{"id":14031,"date":"2026-04-24T07:43:51","date_gmt":"2026-04-24T07:43:51","guid":{"rendered":""},"modified":"2026-04-24T07:43:51","modified_gmt":"2026-04-24T07:43:51","slug":"bico-amis-ristripats-bcr7","status":"publish","type":"product","link":"https:\/\/bico.ee\/lv\/p\/bico-amis-kulons-bcr7\/","title":{"rendered":"Bico &#8220;Amis&#8221; kulons (BCR7)"},"content":{"rendered":"<p>Dizaina kl\u0101sts, kas interpret\u0113 vienu no pasaules vissvar\u012bg\u0101kajiem un sp\u0113c\u012bg\u0101kajiem simboliem. <BR><UL><LI>Nosaukums: Amis <\/LI><LI>Noz\u012bme: Uztic\u012bgais biedrs <\/LI><LI> Bico pied\u0101v\u0101 virkni mat\u0113tu gatavo \u0137\u0113\u017eu un \u0101das auklu un \u017e\u0146audz\u0113ju, kas papildin\u0101s \u0161o kulonu ar rok\u0101m pul\u0113ta sudraba p\u0101rkl\u0101juma alvas kulonu ar unik\u0101lu aizsargp\u0101rkl\u0101jumu. Kulona platums: 2,2 cm Garums: 4,4 cm Cilpas diametrs: 6,5 mm<\/p>","protected":false},"excerpt":{"rendered":"<p>BCR7 825873032800<\/p>\n","protected":false},"featured_media":8182,"template":"","meta":[],"product_cat":[277,283],"product_tag":[],"_links":{"self":[{"href":"https:\/\/bico.ee\/lv\/wp-json\/wp\/v2\/product\/14031"}],"collection":[{"href":"https:\/\/bico.ee\/lv\/wp-json\/wp\/v2\/product"}],"about":[{"href":"https:\/\/bico.ee\/lv\/wp-json\/wp\/v2\/types\/product"}],"wp:featuredmedia":[{"embeddable":true,"href":"https:\/\/bico.ee\/lv\/wp-json\/wp\/v2\/media\/8182"}],"wp:attachment":[{"href":"https:\/\/bico.ee\/lv\/wp-json\/wp\/v2\/media?parent=14031"}],"wp:term":[{"taxonomy":"product_cat","embeddable":true,"href":"https:\/\/bico.ee\/lv\/wp-json\/wp\/v2\/product_cat?post=14031"},{"taxonomy":"product_tag","embeddable":true,"href":"https:\/\/bico.ee\/lv\/wp-json\/wp\/v2\/product_tag?post=14031"}],"curies":[{"name":"wp","href":"https:\/\/api.w.org\/{rel}","templated":true}]}}