{"id":14034,"date":"2026-04-10T18:43:55","date_gmt":"2026-04-10T18:43:55","guid":{"rendered":""},"modified":"2026-04-17T13:54:29","modified_gmt":"2026-04-17T10:54:29","slug":"bico-aariel-ristripats-bcr10","status":"publish","type":"product","link":"https:\/\/bico.ee\/lv\/p\/bico-aariel-krusta-kulons-bcr10\/","title":{"rendered":"Bico &#8220;Aariel&#8221; krusta kulons (BCR10)"},"content":{"rendered":"<p>Dizaina kl\u0101sts, kas interpret\u0113 vienu no pasaules vissvar\u012bg\u0101kajiem un sp\u0113c\u012bg\u0101kajiem simboliem. <BR><UL><LI>Nosaukums: Ariels <\/LI><LI>Noz\u012bme: Bezbail\u012bba <\/LI><LI> Bico pied\u0101v\u0101 virkni mat\u0113tu gatavo \u0137\u0113\u017eu un \u0101das auklu un aizb\u0101\u017e\u0146u, kas papildin\u0101s \u0161o kulonu ar rok\u0101m pul\u0113ta sudraba p\u0101rkl\u0101juma alvas kulonu ar unik\u0101lu aizsargp\u0101rkl\u0101jumu. Kulona platums: 3 cm garums: 4,5 cm cilpas diametrs: 6,5 mm<\/p>","protected":false},"excerpt":{"rendered":"<p>BCR10 825873032831<\/p>\n","protected":false},"featured_media":8191,"template":"","meta":[],"product_cat":[277,283],"product_tag":[],"_links":{"self":[{"href":"https:\/\/bico.ee\/lv\/wp-json\/wp\/v2\/product\/14034"}],"collection":[{"href":"https:\/\/bico.ee\/lv\/wp-json\/wp\/v2\/product"}],"about":[{"href":"https:\/\/bico.ee\/lv\/wp-json\/wp\/v2\/types\/product"}],"wp:featuredmedia":[{"embeddable":true,"href":"https:\/\/bico.ee\/lv\/wp-json\/wp\/v2\/media\/8191"}],"wp:attachment":[{"href":"https:\/\/bico.ee\/lv\/wp-json\/wp\/v2\/media?parent=14034"}],"wp:term":[{"taxonomy":"product_cat","embeddable":true,"href":"https:\/\/bico.ee\/lv\/wp-json\/wp\/v2\/product_cat?post=14034"},{"taxonomy":"product_tag","embeddable":true,"href":"https:\/\/bico.ee\/lv\/wp-json\/wp\/v2\/product_tag?post=14034"}],"curies":[{"name":"wp","href":"https:\/\/api.w.org\/{rel}","templated":true}]}}