{"id":14082,"date":"2026-04-10T18:43:55","date_gmt":"2026-04-10T18:43:55","guid":{"rendered":""},"modified":"2026-04-10T18:43:55","modified_gmt":"2026-04-10T18:43:55","slug":"bico-struktuuri-ripats-susinikkiuga-nc9","status":"publish","type":"product","link":"https:\/\/bico.ee\/lv\/p\/bico-structure-kulons-ar-oglekla-skiedru-nc9\/","title":{"rendered":"Bico &#8220;Structure&#8221; kulons ar oglek\u013ca \u0161\u0137iedru (NC9)&#8221;"},"content":{"rendered":"<p>Oglek\u013ca \u0161\u0137iedra ir tehnolo\u0123isk\u0101s elites simbols un vizu\u0101li satrieco\u0161s materi\u0101ls. <BR><UL><LI>Nosaukums: Strukt\u016bra <\/LI><LI>Noz\u012bme: Stingri uzticams, Gibraltar <\/LI><LI> Bico pied\u0101v\u0101 virkni mat\u0113tu gatavo \u0137\u0113\u017eu un \u0101das auklu un aizb\u0101\u017e\u0146u, kas papildin\u0101s \u0161o kulonu ar rok\u0101m pul\u0113ta sudraba p\u0101rkl\u0101juma alvas kulonu ar oglek\u013ca \u0161\u0137iedras ielikt\u0146iem. Kulona platums: 2,2 cm garums: 4,1 cm cilpas diametrs: 6,5 mm<\/p>","protected":false},"excerpt":{"rendered":"<p>NC9 825873052518<\/p>\n","protected":false},"featured_media":8271,"template":"","meta":[],"product_cat":[277,286],"product_tag":[],"_links":{"self":[{"href":"https:\/\/bico.ee\/lv\/wp-json\/wp\/v2\/product\/14082"}],"collection":[{"href":"https:\/\/bico.ee\/lv\/wp-json\/wp\/v2\/product"}],"about":[{"href":"https:\/\/bico.ee\/lv\/wp-json\/wp\/v2\/types\/product"}],"wp:featuredmedia":[{"embeddable":true,"href":"https:\/\/bico.ee\/lv\/wp-json\/wp\/v2\/media\/8271"}],"wp:attachment":[{"href":"https:\/\/bico.ee\/lv\/wp-json\/wp\/v2\/media?parent=14082"}],"wp:term":[{"taxonomy":"product_cat","embeddable":true,"href":"https:\/\/bico.ee\/lv\/wp-json\/wp\/v2\/product_cat?post=14082"},{"taxonomy":"product_tag","embeddable":true,"href":"https:\/\/bico.ee\/lv\/wp-json\/wp\/v2\/product_tag?post=14082"}],"curies":[{"name":"wp","href":"https:\/\/api.w.org\/{rel}","templated":true}]}}