{"id":14083,"date":"2026-04-10T18:43:55","date_gmt":"2026-04-10T18:43:55","guid":{"rendered":""},"modified":"2026-04-10T18:43:55","modified_gmt":"2026-04-10T18:43:55","slug":"bico-courageous-cross-koerte-silt-susinikkiuga-nc11","status":"publish","type":"product","link":"https:\/\/bico.ee\/lv\/p\/bico-courageous-cross-sunu-birka-ar-oglekla-skiedru-nc11\/","title":{"rendered":"Bico &#8220;Courageous Cross&#8221; su\u0146u birka ar oglek\u013ca \u0161\u0137iedru (NC11)"},"content":{"rendered":"<p>Oglek\u013ca \u0161\u0137iedra ir tehnolo\u0123isk\u0101s elites simbols un vizu\u0101li satrieco\u0161s materi\u0101ls. <BR><UL><LI>Nosaukums: Drosm\u012bgs krusts <\/LI><LI>Noz\u012bme: P\u0101rliec\u012bba virz\u012bties uz priek\u0161u <\/LI><LI> Bico pied\u0101v\u0101 virkni mat\u0113tu gatavo \u0137\u0113\u017eu un \u0101das auklu un piekari\u0146u, kas papildin\u0101s \u0161o kulonu ar rok\u0101m pul\u0113ta sudraba p\u0101rkl\u0101juma alvas kulonu ar oglek\u013ca \u0161\u0137iedras ielikt\u0146iem. Kulona platums: 2,5 cm garums: 4,1 cm cilpas diametrs: 6,5 mm<\/p>","protected":false},"excerpt":{"rendered":"<p>NC11 825873052570<\/p>\n","protected":false},"featured_media":8274,"template":"","meta":[],"product_cat":[277,286],"product_tag":[],"_links":{"self":[{"href":"https:\/\/bico.ee\/lv\/wp-json\/wp\/v2\/product\/14083"}],"collection":[{"href":"https:\/\/bico.ee\/lv\/wp-json\/wp\/v2\/product"}],"about":[{"href":"https:\/\/bico.ee\/lv\/wp-json\/wp\/v2\/types\/product"}],"wp:featuredmedia":[{"embeddable":true,"href":"https:\/\/bico.ee\/lv\/wp-json\/wp\/v2\/media\/8274"}],"wp:attachment":[{"href":"https:\/\/bico.ee\/lv\/wp-json\/wp\/v2\/media?parent=14083"}],"wp:term":[{"taxonomy":"product_cat","embeddable":true,"href":"https:\/\/bico.ee\/lv\/wp-json\/wp\/v2\/product_cat?post=14083"},{"taxonomy":"product_tag","embeddable":true,"href":"https:\/\/bico.ee\/lv\/wp-json\/wp\/v2\/product_tag?post=14083"}],"curies":[{"name":"wp","href":"https:\/\/api.w.org\/{rel}","templated":true}]}}