{"id":14084,"date":"2026-04-10T18:43:55","date_gmt":"2026-04-10T18:43:55","guid":{"rendered":""},"modified":"2026-04-10T18:43:55","modified_gmt":"2026-04-10T18:43:55","slug":"bico-striker-carbon-susinikkiuga-koerte-silt-nc12","status":"publish","type":"product","link":"https:\/\/bico.ee\/lv\/p\/bico-striker-carbon-sunu-birka-ar-oglekla-skiedru-nc12\/","title":{"rendered":"Bico &#8220;Striker Carbon&#8221; su\u0146u birka ar oglek\u013ca \u0161\u0137iedru (NC12)"},"content":{"rendered":"<p>Oglek\u013ca \u0161\u0137iedra ir tehnolo\u0123isk\u0101s elites simbols un vizu\u0101li satrieco\u0161s materi\u0101ls. <BR><UL><LI>Nosaukums: Uzbruc\u0113js <\/LI><LI>Noz\u012bme: Gatavs r\u012bkoties, ienirt taj\u0101 Kulona platums: 2,4 cm Garums: 4,1 cm Cilpas diametrs: 6,5 mm<\/p>","protected":false},"excerpt":{"rendered":"<p>NC12 825873052600<\/p>\n","protected":false},"featured_media":8277,"template":"","meta":[],"product_cat":[277,286],"product_tag":[],"_links":{"self":[{"href":"https:\/\/bico.ee\/lv\/wp-json\/wp\/v2\/product\/14084"}],"collection":[{"href":"https:\/\/bico.ee\/lv\/wp-json\/wp\/v2\/product"}],"about":[{"href":"https:\/\/bico.ee\/lv\/wp-json\/wp\/v2\/types\/product"}],"wp:featuredmedia":[{"embeddable":true,"href":"https:\/\/bico.ee\/lv\/wp-json\/wp\/v2\/media\/8277"}],"wp:attachment":[{"href":"https:\/\/bico.ee\/lv\/wp-json\/wp\/v2\/media?parent=14084"}],"wp:term":[{"taxonomy":"product_cat","embeddable":true,"href":"https:\/\/bico.ee\/lv\/wp-json\/wp\/v2\/product_cat?post=14084"},{"taxonomy":"product_tag","embeddable":true,"href":"https:\/\/bico.ee\/lv\/wp-json\/wp\/v2\/product_tag?post=14084"}],"curies":[{"name":"wp","href":"https:\/\/api.w.org\/{rel}","templated":true}]}}