{"id":14085,"date":"2026-04-10T18:43:55","date_gmt":"2026-04-10T18:43:55","guid":{"rendered":""},"modified":"2026-04-10T18:43:55","modified_gmt":"2026-04-10T18:43:55","slug":"bico-watcher-koerte-sildi-hoimuliip-dt4","status":"publish","type":"product","link":"https:\/\/bico.ee\/lv\/p\/bico-watcher-sunu-tagu-cilts-kulons-dt4\/","title":{"rendered":"Bico &#8220;Watcher&#8221; su\u0146u tagu cilts kulons (DT4)"},"content":{"rendered":"<p>Ikoniska forma ar cil\u0161u arom\u0101tu. <BR><UL><LI>Nosaukums: V\u0113rot\u0101js <\/LI><LI>Noz\u012bme: Keenly Observant <\/LI><LI>Bico pied\u0101v\u0101 virkni mat\u0113tu gatavo \u0137\u0113\u017eu un \u0101das auklu un aizb\u0101\u017e\u0146u, kas papildin\u0101s \u0161o kulonu ar rok\u0101m pul\u0113tiem sudraba p\u0101rkl\u0101juma su\u0146u piekari\u0146iem ar br\u012bvi kust\u012bg\u0101m cilp\u0101m. Kulona platums: 2,5 cm garums: 4,1 cm cilpas diametrs: 9 mm<\/p>","protected":false},"excerpt":{"rendered":"<p>DT4 825873034385<\/p>\n","protected":false},"featured_media":8280,"template":"","meta":[],"product_cat":[277,287],"product_tag":[],"_links":{"self":[{"href":"https:\/\/bico.ee\/lv\/wp-json\/wp\/v2\/product\/14085"}],"collection":[{"href":"https:\/\/bico.ee\/lv\/wp-json\/wp\/v2\/product"}],"about":[{"href":"https:\/\/bico.ee\/lv\/wp-json\/wp\/v2\/types\/product"}],"wp:featuredmedia":[{"embeddable":true,"href":"https:\/\/bico.ee\/lv\/wp-json\/wp\/v2\/media\/8280"}],"wp:attachment":[{"href":"https:\/\/bico.ee\/lv\/wp-json\/wp\/v2\/media?parent=14085"}],"wp:term":[{"taxonomy":"product_cat","embeddable":true,"href":"https:\/\/bico.ee\/lv\/wp-json\/wp\/v2\/product_cat?post=14085"},{"taxonomy":"product_tag","embeddable":true,"href":"https:\/\/bico.ee\/lv\/wp-json\/wp\/v2\/product_tag?post=14085"}],"curies":[{"name":"wp","href":"https:\/\/api.w.org\/{rel}","templated":true}]}}