{"id":14095,"date":"2026-04-10T18:43:55","date_gmt":"2026-04-10T18:43:55","guid":{"rendered":""},"modified":"2026-04-10T18:43:55","modified_gmt":"2026-04-10T18:43:55","slug":"bico-troika-ripats-reguleeritava-nahkjuhtmega-co1","status":"publish","type":"product","link":"https:\/\/bico.ee\/lv\/p\/bico-troika-kulons-ar-regulejamu-adas-auklu-co1\/","title":{"rendered":"Bico &#8220;Troika&#8221; kulons ar regul\u0113jamu \u0101das auklu (CO1)"},"content":{"rendered":"<p>\u0160\u0137idrs un jaud\u012bgs dizains ar smalku \u0101das regul\u0113jamu vadu. <BR><UL><LI>Nosaukums: trijotne <\/LI><LI>Noz\u012bme: Gudr\u012bba pirms zobena <\/LI><LI> Katram CO kulonam ir regul\u0113jams 2,5 mm muguras \u0101das vads. Garumu var piel\u0101got, s\u0101kot no 42 cm kaklasaites l\u012bdz \u0137\u0113des garumam 80 cm. Kulona platums: 2,8 cm garums: 3 cm<\/p>","protected":false},"excerpt":{"rendered":"<p>CO1 825873033173<\/p>\n","protected":false},"featured_media":8310,"template":"","meta":[],"product_cat":[169],"product_tag":[],"_links":{"self":[{"href":"https:\/\/bico.ee\/lv\/wp-json\/wp\/v2\/product\/14095"}],"collection":[{"href":"https:\/\/bico.ee\/lv\/wp-json\/wp\/v2\/product"}],"about":[{"href":"https:\/\/bico.ee\/lv\/wp-json\/wp\/v2\/types\/product"}],"wp:featuredmedia":[{"embeddable":true,"href":"https:\/\/bico.ee\/lv\/wp-json\/wp\/v2\/media\/8310"}],"wp:attachment":[{"href":"https:\/\/bico.ee\/lv\/wp-json\/wp\/v2\/media?parent=14095"}],"wp:term":[{"taxonomy":"product_cat","embeddable":true,"href":"https:\/\/bico.ee\/lv\/wp-json\/wp\/v2\/product_cat?post=14095"},{"taxonomy":"product_tag","embeddable":true,"href":"https:\/\/bico.ee\/lv\/wp-json\/wp\/v2\/product_tag?post=14095"}],"curies":[{"name":"wp","href":"https:\/\/api.w.org\/{rel}","templated":true}]}}