{"id":14097,"date":"2026-04-10T18:43:55","date_gmt":"2026-04-10T18:43:55","guid":{"rendered":""},"modified":"2026-04-10T18:43:55","modified_gmt":"2026-04-10T18:43:55","slug":"bico-senshi-ripats-reguleeritava-nahkjuhtmega-co4","status":"publish","type":"product","link":"https:\/\/bico.ee\/lv\/p\/bico-senshi-kulons-ar-regulejamu-adas-auklu-co4\/","title":{"rendered":"Bico &#8220;Senshi&#8221; kulons ar regul\u0113jamu \u0101das auklu (CO4)"},"content":{"rendered":"<p>\u0160\u0137idrs un jaud\u012bgs dizains ar smalku \u0101das regul\u0113jamu vadu. <BR><UL><LI>Nosaukums: Senshi <\/LI><LI>Noz\u012bme: Karav\u012brs un upuris <\/LI><LI> Katram CO kulonam ir regul\u0113jams 2,5 mm aizmugur\u0113jais \u0101das vads. Garumu var piel\u0101got, s\u0101kot no kaklasaites garuma 42 cm l\u012bdz \u0137\u0113des garumam 80 cm. Kulona platums: 2,4 cm Garums: 3,1 cm<\/p>","protected":false},"excerpt":{"rendered":"<p>CO4 825873033203<\/p>\n","protected":false},"featured_media":8318,"template":"","meta":[],"product_cat":[169],"product_tag":[],"_links":{"self":[{"href":"https:\/\/bico.ee\/lv\/wp-json\/wp\/v2\/product\/14097"}],"collection":[{"href":"https:\/\/bico.ee\/lv\/wp-json\/wp\/v2\/product"}],"about":[{"href":"https:\/\/bico.ee\/lv\/wp-json\/wp\/v2\/types\/product"}],"wp:featuredmedia":[{"embeddable":true,"href":"https:\/\/bico.ee\/lv\/wp-json\/wp\/v2\/media\/8318"}],"wp:attachment":[{"href":"https:\/\/bico.ee\/lv\/wp-json\/wp\/v2\/media?parent=14097"}],"wp:term":[{"taxonomy":"product_cat","embeddable":true,"href":"https:\/\/bico.ee\/lv\/wp-json\/wp\/v2\/product_cat?post=14097"},{"taxonomy":"product_tag","embeddable":true,"href":"https:\/\/bico.ee\/lv\/wp-json\/wp\/v2\/product_tag?post=14097"}],"curies":[{"name":"wp","href":"https:\/\/api.w.org\/{rel}","templated":true}]}}