{"id":14098,"date":"2026-04-10T18:43:55","date_gmt":"2026-04-10T18:43:55","guid":{"rendered":""},"modified":"2026-04-10T18:43:55","modified_gmt":"2026-04-10T18:43:55","slug":"bico-chopper-ripats-reguleeritava-nahkjuhtmega-co5","status":"publish","type":"product","link":"https:\/\/bico.ee\/lv\/p\/bico-chopper-kulons-ar-regulejamu-adas-auklu-co5\/","title":{"rendered":"Bico &#8220;Chopper&#8221; kulons ar regul\u0113jamu \u0101das auklu (CO5)"},"content":{"rendered":"<p>\u0160\u0137idrs un jaud\u012bgs dizains ar smalku \u0101das regul\u0113jamu vadu. <BR><UL><LI>Nosaukums: smalcin\u0101t\u0101js <\/LI><LI>Noz\u012bme: dump\u012bgs p\u0113c b\u016bt\u012bbas <\/LI><LI> Katram CO kulonam ir regul\u0113jams 2,5 mm aizmugur\u0113jais \u0101das vads. Garumu var piel\u0101got, s\u0101kot no 42 cm garuma l\u012bdz \u0137\u0113des garumam l\u012bdz 80 cm. Kulona platums: 2,6 cm garums: 3,4 cm<\/p>","protected":false},"excerpt":{"rendered":"<p>CO5 825873033210<\/p>\n","protected":false},"featured_media":8322,"template":"","meta":[],"product_cat":[169],"product_tag":[],"_links":{"self":[{"href":"https:\/\/bico.ee\/lv\/wp-json\/wp\/v2\/product\/14098"}],"collection":[{"href":"https:\/\/bico.ee\/lv\/wp-json\/wp\/v2\/product"}],"about":[{"href":"https:\/\/bico.ee\/lv\/wp-json\/wp\/v2\/types\/product"}],"wp:featuredmedia":[{"embeddable":true,"href":"https:\/\/bico.ee\/lv\/wp-json\/wp\/v2\/media\/8322"}],"wp:attachment":[{"href":"https:\/\/bico.ee\/lv\/wp-json\/wp\/v2\/media?parent=14098"}],"wp:term":[{"taxonomy":"product_cat","embeddable":true,"href":"https:\/\/bico.ee\/lv\/wp-json\/wp\/v2\/product_cat?post=14098"},{"taxonomy":"product_tag","embeddable":true,"href":"https:\/\/bico.ee\/lv\/wp-json\/wp\/v2\/product_tag?post=14098"}],"curies":[{"name":"wp","href":"https:\/\/api.w.org\/{rel}","templated":true}]}}