{"id":14101,"date":"2026-04-10T18:43:55","date_gmt":"2026-04-10T18:43:55","guid":{"rendered":""},"modified":"2026-04-10T18:43:55","modified_gmt":"2026-04-10T18:43:55","slug":"bico-akieal-ripats-reguleeritava-nahkjuhtmega-co12","status":"publish","type":"product","link":"https:\/\/bico.ee\/lv\/p\/bico-akieal-kulons-ar-regulejamu-adas-auklu-co12\/","title":{"rendered":"Bico &#8220;Akieal&#8221; kulons ar regul\u0113jamu \u0101das auklu (CO12)"},"content":{"rendered":"<p>\u0160\u0137idrs un jaud\u012bgs dizains ar smalku \u0101das regul\u0113jamu vadu. <BR><UL><LI>Nosaukums: Akieal <\/LI><LI>Noz\u012bme: Insightfulness Izpratne <\/LI><LI> Katram CO kulonam ir regul\u0113jams 2,5 mm aizmugur\u0113jais \u0101das vads. Garumu var piel\u0101got, s\u0101kot no 42 cm kaklasaites l\u012bdz \u0137\u0113des garumam 80 cm. Kulona platums: 2 cm garums: 3,8 cm<\/p>","protected":false},"excerpt":{"rendered":"<p>CO12 825873033920<\/p>\n","protected":false},"featured_media":8334,"template":"","meta":[],"product_cat":[169],"product_tag":[],"_links":{"self":[{"href":"https:\/\/bico.ee\/lv\/wp-json\/wp\/v2\/product\/14101"}],"collection":[{"href":"https:\/\/bico.ee\/lv\/wp-json\/wp\/v2\/product"}],"about":[{"href":"https:\/\/bico.ee\/lv\/wp-json\/wp\/v2\/types\/product"}],"wp:featuredmedia":[{"embeddable":true,"href":"https:\/\/bico.ee\/lv\/wp-json\/wp\/v2\/media\/8334"}],"wp:attachment":[{"href":"https:\/\/bico.ee\/lv\/wp-json\/wp\/v2\/media?parent=14101"}],"wp:term":[{"taxonomy":"product_cat","embeddable":true,"href":"https:\/\/bico.ee\/lv\/wp-json\/wp\/v2\/product_cat?post=14101"},{"taxonomy":"product_tag","embeddable":true,"href":"https:\/\/bico.ee\/lv\/wp-json\/wp\/v2\/product_tag?post=14101"}],"curies":[{"name":"wp","href":"https:\/\/api.w.org\/{rel}","templated":true}]}}