{"id":14102,"date":"2026-04-10T18:43:55","date_gmt":"2026-04-10T18:43:55","guid":{"rendered":""},"modified":"2026-04-10T18:43:55","modified_gmt":"2026-04-10T18:43:55","slug":"bico-fossil-ripats-reguleeritava-nahkjuhtmega-co13","status":"publish","type":"product","link":"https:\/\/bico.ee\/lv\/p\/bico-fossil-kulons-ar-regulejamu-adas-auklu-co13\/","title":{"rendered":"Bico &#8220;Fossil&#8221; kulons ar regul\u0113jamu \u0101das auklu (CO13)"},"content":{"rendered":"<p>\u0160\u0137idrs un jaud\u012bgs dizains ar smalku \u0101das regul\u0113jamu vadu. <BR><UL><LI>Nosaukums: Fosil\u0101 <\/LI><LI>Noz\u012bme: Vecums un iemesls, c\u0113ls <\/LI><LI> Katram CO kulonam ir regul\u0113jama 2,5 mm aizmugur\u0113j\u0101 \u0101das aukla. Garumu var piel\u0101got, s\u0101kot no 42 cm garuma l\u012bdz \u0137\u0113des garumam l\u012bdz 80 cm. Kulona platums: 2,6 cm garums: 3,2 cm<\/p>","protected":false},"excerpt":{"rendered":"<p>CO13 825873033937<\/p>\n","protected":false},"featured_media":8338,"template":"","meta":[],"product_cat":[169],"product_tag":[],"_links":{"self":[{"href":"https:\/\/bico.ee\/lv\/wp-json\/wp\/v2\/product\/14102"}],"collection":[{"href":"https:\/\/bico.ee\/lv\/wp-json\/wp\/v2\/product"}],"about":[{"href":"https:\/\/bico.ee\/lv\/wp-json\/wp\/v2\/types\/product"}],"wp:featuredmedia":[{"embeddable":true,"href":"https:\/\/bico.ee\/lv\/wp-json\/wp\/v2\/media\/8338"}],"wp:attachment":[{"href":"https:\/\/bico.ee\/lv\/wp-json\/wp\/v2\/media?parent=14102"}],"wp:term":[{"taxonomy":"product_cat","embeddable":true,"href":"https:\/\/bico.ee\/lv\/wp-json\/wp\/v2\/product_cat?post=14102"},{"taxonomy":"product_tag","embeddable":true,"href":"https:\/\/bico.ee\/lv\/wp-json\/wp\/v2\/product_tag?post=14102"}],"curies":[{"name":"wp","href":"https:\/\/api.w.org\/{rel}","templated":true}]}}