{"id":14103,"date":"2026-04-10T18:43:55","date_gmt":"2026-04-10T18:43:55","guid":{"rendered":""},"modified":"2026-04-10T18:43:55","modified_gmt":"2026-04-10T18:43:55","slug":"bico-protector-ripats-reguleeritava-nahkjuhtmega-co15","status":"publish","type":"product","link":"https:\/\/bico.ee\/lv\/p\/bico-protector-kulons-ar-regulejamu-adas-auklu-co15\/","title":{"rendered":"Bico &#8220;Protector&#8221; kulons ar regul\u0113jamu \u0101das auklu (CO15)"},"content":{"rendered":"<p>\u0160\u0137idrs un jaud\u012bgs dizains ar smalku \u0101das regul\u0113jamu vadu. <BR><UL><LI>Nosaukums: Aizsargs <\/LI><LI>Noz\u012bme: Providence un uzticam\u012bba <\/LI><LI> Katram CO kulonam ir regul\u0113jams 2,5 mm aizmugur\u0113jais \u0101das vads. Garumu var piel\u0101got, s\u0101kot no 42 cm garuma l\u012bdz \u0137\u0113des garumam l\u012bdz 80 cm. Kulona platums: 2,3 cm Garums: 3,9 cm<\/p>","protected":false},"excerpt":{"rendered":"<p>CO15 825873033951<\/p>\n","protected":false},"featured_media":8342,"template":"","meta":[],"product_cat":[169],"product_tag":[],"_links":{"self":[{"href":"https:\/\/bico.ee\/lv\/wp-json\/wp\/v2\/product\/14103"}],"collection":[{"href":"https:\/\/bico.ee\/lv\/wp-json\/wp\/v2\/product"}],"about":[{"href":"https:\/\/bico.ee\/lv\/wp-json\/wp\/v2\/types\/product"}],"wp:featuredmedia":[{"embeddable":true,"href":"https:\/\/bico.ee\/lv\/wp-json\/wp\/v2\/media\/8342"}],"wp:attachment":[{"href":"https:\/\/bico.ee\/lv\/wp-json\/wp\/v2\/media?parent=14103"}],"wp:term":[{"taxonomy":"product_cat","embeddable":true,"href":"https:\/\/bico.ee\/lv\/wp-json\/wp\/v2\/product_cat?post=14103"},{"taxonomy":"product_tag","embeddable":true,"href":"https:\/\/bico.ee\/lv\/wp-json\/wp\/v2\/product_tag?post=14103"}],"curies":[{"name":"wp","href":"https:\/\/api.w.org\/{rel}","templated":true}]}}