{"id":14104,"date":"2026-04-10T18:43:55","date_gmt":"2026-04-10T18:43:55","guid":{"rendered":""},"modified":"2026-04-10T18:43:55","modified_gmt":"2026-04-10T18:43:55","slug":"bico-trikoru-maoori-stiilis-hoimuripats-mis-on-solmitud-kasitsi-kootud-nooriga-sr1","status":"publish","type":"product","link":"https:\/\/bico.ee\/lv\/p\/bico-trikoru-maoru-stila-cilsu-kulons-mezglots-ar-rokam-austaja-aukla-sr1\/","title":{"rendered":"Bico &#8220;Trikoru&#8221; maoru stila cil\u0161u kulons mezglots ar rok\u0101m austaj\u0101 aukl\u0101 (SR1)"},"content":{"rendered":"<p>Iedvesmojoties no Klus\u0101 oke\u0101na kult\u016br\u0101m, dizainu kolekcija, kas integr\u0113ta ar rok\u0101m austu un mezglotu auklu, kas veidota tradicion\u0101l\u0101 stil\u0101. <BR><UL><LI>Nosaukums: Trikoru <\/LI><LI>Noz\u012bme: jauna dz\u012bve, miers un miers <\/LI><LI> Katram SR kulonam ir 54 cm ar rok\u0101m austa kokvilnas aukla ar rok\u0101m pul\u0113tu sudraba vai melnas kr\u0101sas alvas kulonu ar unik\u0101lu aizsargp\u0101rkl\u0101jumu. Kulona platums: 3,2 cm Garums: 3,2 cm<\/p>","protected":false},"excerpt":{"rendered":"<p>SR1 825873060148<\/p>\n","protected":false},"featured_media":8346,"template":"","meta":[],"product_cat":[169],"product_tag":[],"_links":{"self":[{"href":"https:\/\/bico.ee\/lv\/wp-json\/wp\/v2\/product\/14104"}],"collection":[{"href":"https:\/\/bico.ee\/lv\/wp-json\/wp\/v2\/product"}],"about":[{"href":"https:\/\/bico.ee\/lv\/wp-json\/wp\/v2\/types\/product"}],"wp:featuredmedia":[{"embeddable":true,"href":"https:\/\/bico.ee\/lv\/wp-json\/wp\/v2\/media\/8346"}],"wp:attachment":[{"href":"https:\/\/bico.ee\/lv\/wp-json\/wp\/v2\/media?parent=14104"}],"wp:term":[{"taxonomy":"product_cat","embeddable":true,"href":"https:\/\/bico.ee\/lv\/wp-json\/wp\/v2\/product_cat?post=14104"},{"taxonomy":"product_tag","embeddable":true,"href":"https:\/\/bico.ee\/lv\/wp-json\/wp\/v2\/product_tag?post=14104"}],"curies":[{"name":"wp","href":"https:\/\/api.w.org\/{rel}","templated":true}]}}