{"id":14108,"date":"2026-04-10T18:43:55","date_gmt":"2026-04-10T18:43:55","guid":{"rendered":""},"modified":"2026-04-10T18:43:55","modified_gmt":"2026-04-10T18:43:55","slug":"bico-matua-natuica-maoori-stiilis-hoimuripats-mis-on-solmitud-kasitsi-kootud-nooriga-sr9","status":"publish","type":"product","link":"https:\/\/bico.ee\/lv\/p\/bico-matua-natuica-maoru-stila-cilsu-kulons-kas-mezglots-ar-rokam-austa-aukla-sr9\/","title":{"rendered":"Bico &#8220;Matua Natuica&#8221; maoru stila cil\u0161u kulons, kas mezglots ar rok\u0101m aust\u0101 aukl\u0101 (SR9)"},"content":{"rendered":"<p>Iedvesmojoties no Klus\u0101 oke\u0101na kult\u016br\u0101m, dizainu kolekcija, kas integr\u0113ta ar rok\u0101m austu un mezglotu auklu, kas veidota tradicion\u0101l\u0101 stil\u0101. <BR><UL><LI>Nosaukums: Matua Natuica <\/LI><LI>Noz\u012bme: zin\u0101\u0161anas par oke\u0101nu, koncentr\u0113ts virziens <\/LI><LI> Katram SR kulonam ir 54 cm ar rok\u0101m austa kokvilnas aukla ar rok\u0101m pul\u0113tu sudraba vai melnas kr\u0101sas alvas kulonu ar unik\u0101lu aizsargp\u0101rkl\u0101jumu. Kulona platums: 2,5 cm garums: 5,2 cm<\/p>","protected":false},"excerpt":{"rendered":"<p>SR9 825873060223<\/p>\n","protected":false},"featured_media":8361,"template":"","meta":[],"product_cat":[169],"product_tag":[],"_links":{"self":[{"href":"https:\/\/bico.ee\/lv\/wp-json\/wp\/v2\/product\/14108"}],"collection":[{"href":"https:\/\/bico.ee\/lv\/wp-json\/wp\/v2\/product"}],"about":[{"href":"https:\/\/bico.ee\/lv\/wp-json\/wp\/v2\/types\/product"}],"wp:featuredmedia":[{"embeddable":true,"href":"https:\/\/bico.ee\/lv\/wp-json\/wp\/v2\/media\/8361"}],"wp:attachment":[{"href":"https:\/\/bico.ee\/lv\/wp-json\/wp\/v2\/media?parent=14108"}],"wp:term":[{"taxonomy":"product_cat","embeddable":true,"href":"https:\/\/bico.ee\/lv\/wp-json\/wp\/v2\/product_cat?post=14108"},{"taxonomy":"product_tag","embeddable":true,"href":"https:\/\/bico.ee\/lv\/wp-json\/wp\/v2\/product_tag?post=14108"}],"curies":[{"name":"wp","href":"https:\/\/api.w.org\/{rel}","templated":true}]}}