{"id":14109,"date":"2026-04-10T18:43:55","date_gmt":"2026-04-10T18:43:55","guid":{"rendered":""},"modified":"2026-04-10T18:43:55","modified_gmt":"2026-04-10T18:43:55","slug":"bico-toki-mana-maoori-stiilis-hoimuripats-mis-on-solmitud-kasitsi-kootud-nooriga-sr11","status":"publish","type":"product","link":"https:\/\/bico.ee\/lv\/p\/bico-toki-mana-maoru-stila-cilsu-kulons-mezglots-ar-rokam-austaja-aukla-sr11\/","title":{"rendered":"Bico &#8220;Toki Mana&#8221; maoru stila cil\u0161u kulons mezglots ar rok\u0101m austaj\u0101 aukl\u0101 (SR11)"},"content":{"rendered":"<p>Iedvesmojoties no Klus\u0101 oke\u0101na kult\u016br\u0101m, dizainu kolekcija, kas integr\u0113ta ar rok\u0101m austu un mezglotu auklu, kas veidota tradicion\u0101l\u0101 stil\u0101. <BR><UL><LI>Nosaukums: Toki Mana <\/LI><LI>Noz\u012bme: Drosme nelaimju laik\u0101, lai neatlaid\u012bgi <\/LI><LI> Katram SR piekari\u0146am ir 54 cm ar rok\u0101m austa kokvilnas aukla ar rok\u0101m pul\u0113tu sudraba vai melnas kr\u0101sas alvas kulonu ar unik\u0101lu aizsargp\u0101rkl\u0101jumu. Kulona platums: 2,4 cm Garums: 5,7 cm<\/p>","protected":false},"excerpt":{"rendered":"<p>SR11 825873060247<\/p>\n","protected":false},"featured_media":8365,"template":"","meta":[],"product_cat":[169],"product_tag":[],"_links":{"self":[{"href":"https:\/\/bico.ee\/lv\/wp-json\/wp\/v2\/product\/14109"}],"collection":[{"href":"https:\/\/bico.ee\/lv\/wp-json\/wp\/v2\/product"}],"about":[{"href":"https:\/\/bico.ee\/lv\/wp-json\/wp\/v2\/types\/product"}],"wp:featuredmedia":[{"embeddable":true,"href":"https:\/\/bico.ee\/lv\/wp-json\/wp\/v2\/media\/8365"}],"wp:attachment":[{"href":"https:\/\/bico.ee\/lv\/wp-json\/wp\/v2\/media?parent=14109"}],"wp:term":[{"taxonomy":"product_cat","embeddable":true,"href":"https:\/\/bico.ee\/lv\/wp-json\/wp\/v2\/product_cat?post=14109"},{"taxonomy":"product_tag","embeddable":true,"href":"https:\/\/bico.ee\/lv\/wp-json\/wp\/v2\/product_tag?post=14109"}],"curies":[{"name":"wp","href":"https:\/\/api.w.org\/{rel}","templated":true}]}}