{"id":14112,"date":"2026-04-10T18:43:55","date_gmt":"2026-04-10T18:43:55","guid":{"rendered":""},"modified":"2026-04-10T18:43:55","modified_gmt":"2026-04-10T18:43:55","slug":"bico-oritame-maoori-stiilis-hoimuripats-mis-on-solmitud-kasitsi-kootud-nooriga-sr14","status":"publish","type":"product","link":"https:\/\/bico.ee\/lv\/p\/bico-oritame-maoru-stila-cilsu-kulons-kas-mezglots-ar-rokam-austa-aukla-sr14\/","title":{"rendered":"Bico &#8220;Oritame&#8221; maoru stila cil\u0161u kulons, kas mezglots ar rok\u0101m aust\u0101 aukl\u0101 (SR14)"},"content":{"rendered":"<p>Iedvesmojoties no Klus\u0101 oke\u0101na kult\u016br\u0101m, dizainu kolekcija, kas integr\u0113ta ar rok\u0101m austu un mezglotu auklu, kas veidota tradicion\u0101l\u0101 stil\u0101. <BR><UL><LI>Nosaukums: Oritame <\/LI><LI>Noz\u012bme: Culture Warrior, The Power Of Song <\/LI><LI> Katram SR piekari\u0146am ir 54 cm ar rok\u0101m austa kokvilnas aukla ar rok\u0101m pul\u0113tu sudraba vai melnas kr\u0101sas alvas kulonu ar unik\u0101lu aizsargp\u0101rkl\u0101jumu. Kulona platums: 3,5 cm garums: 3,5 cm<\/p>","protected":false},"excerpt":{"rendered":"<p>SR14 825873060278<\/p>\n","protected":false},"featured_media":8377,"template":"","meta":[],"product_cat":[169],"product_tag":[],"_links":{"self":[{"href":"https:\/\/bico.ee\/lv\/wp-json\/wp\/v2\/product\/14112"}],"collection":[{"href":"https:\/\/bico.ee\/lv\/wp-json\/wp\/v2\/product"}],"about":[{"href":"https:\/\/bico.ee\/lv\/wp-json\/wp\/v2\/types\/product"}],"wp:featuredmedia":[{"embeddable":true,"href":"https:\/\/bico.ee\/lv\/wp-json\/wp\/v2\/media\/8377"}],"wp:attachment":[{"href":"https:\/\/bico.ee\/lv\/wp-json\/wp\/v2\/media?parent=14112"}],"wp:term":[{"taxonomy":"product_cat","embeddable":true,"href":"https:\/\/bico.ee\/lv\/wp-json\/wp\/v2\/product_cat?post=14112"},{"taxonomy":"product_tag","embeddable":true,"href":"https:\/\/bico.ee\/lv\/wp-json\/wp\/v2\/product_tag?post=14112"}],"curies":[{"name":"wp","href":"https:\/\/api.w.org\/{rel}","templated":true}]}}