{"id":14124,"date":"2026-04-10T18:43:55","date_gmt":"2026-04-10T18:43:55","guid":{"rendered":""},"modified":"2026-04-10T18:43:55","modified_gmt":"2026-04-10T18:43:55","slug":"bico-pyro-satiinist-hobedane-ripats-e17","status":"publish","type":"product","link":"https:\/\/bico.ee\/lv\/p\/biko-pyro-satina-sudraba-kulons-e17\/","title":{"rendered":"Biko &#8220;Pyro&#8221; sat\u012bna sudraba kulons (E17)"},"content":{"rendered":"<p>Da\u013ca no Bico m\u016b\u017e\u012bg\u0101 paraksta kulonu kl\u0101sta. <BR><UL><LI>Nosaukums: Pyro <\/LI><LI>Noz\u012bme: Intu\u012bcija, iedvesma un psihisk\u0101s sp\u0113jas <\/LI><LI>Bico pied\u0101v\u0101 virkni mat\u0113tu gatavo \u0137\u0113\u017eu un \u0101das auklu un aizb\u0101\u017e\u0146u, kas papildin\u0101s \u0161o kulonu Ar rok\u0101m pul\u0113ta sudraba gala alvas kulonu ar unik\u0101lu aizsargp\u0101rkl\u0101jumu. Kulona platums: 3,2 cm Garums: 4,5 cm Cilpas diametrs: 8 mm<\/p>","protected":false},"excerpt":{"rendered":"<p>E17 825873000113<\/p>\n","protected":false},"featured_media":8415,"template":"","meta":[],"product_cat":[277,300],"product_tag":[],"_links":{"self":[{"href":"https:\/\/bico.ee\/lv\/wp-json\/wp\/v2\/product\/14124"}],"collection":[{"href":"https:\/\/bico.ee\/lv\/wp-json\/wp\/v2\/product"}],"about":[{"href":"https:\/\/bico.ee\/lv\/wp-json\/wp\/v2\/types\/product"}],"wp:featuredmedia":[{"embeddable":true,"href":"https:\/\/bico.ee\/lv\/wp-json\/wp\/v2\/media\/8415"}],"wp:attachment":[{"href":"https:\/\/bico.ee\/lv\/wp-json\/wp\/v2\/media?parent=14124"}],"wp:term":[{"taxonomy":"product_cat","embeddable":true,"href":"https:\/\/bico.ee\/lv\/wp-json\/wp\/v2\/product_cat?post=14124"},{"taxonomy":"product_tag","embeddable":true,"href":"https:\/\/bico.ee\/lv\/wp-json\/wp\/v2\/product_tag?post=14124"}],"curies":[{"name":"wp","href":"https:\/\/api.w.org\/{rel}","templated":true}]}}