{"id":14128,"date":"2026-04-24T07:43:51","date_gmt":"2026-04-24T07:43:51","guid":{"rendered":""},"modified":"2026-04-24T07:43:51","modified_gmt":"2026-04-24T07:43:51","slug":"bico-world-triad-satiinist-hobedane-ripats-e25","status":"publish","type":"product","link":"https:\/\/bico.ee\/lv\/p\/bico-world-triad-satina-sudraba-krasas-kulons-e25\/","title":{"rendered":"Bico &#8220;World Triad&#8221; sat\u012bna sudraba kr\u0101sas kulons (E25)"},"content":{"rendered":"<p>Da\u013ca no Bico m\u016b\u017e\u012bg\u0101 paraksta kulonu kl\u0101sta. <BR><UL><LI>Nosaukums: Pasaules trijotne <\/LI><LI>Noz\u012bme: M\u016b\u017e\u012bba un kosmisk\u0101 jaunrade <\/LI><LI>Bico pied\u0101v\u0101 virkni mat\u0113tu gatavo \u0137\u0113\u017eu un \u0101das auklu un aizb\u0101\u017e\u0146u, kas papildin\u0101s \u0161o kulonu Ar rok\u0101m pul\u0113ta sudraba gala alvas kulonu ar unik\u0101lu aizsargp\u0101rkl\u0101jumu. Kulona platums: 2,7 cm Garums: 2,7 cm Cilpas diametrs: 6,5 mm<\/p>","protected":false},"excerpt":{"rendered":"<p>E25 825873000168<\/p>\n","protected":false},"featured_media":8429,"template":"","meta":[],"product_cat":[277,300],"product_tag":[],"_links":{"self":[{"href":"https:\/\/bico.ee\/lv\/wp-json\/wp\/v2\/product\/14128"}],"collection":[{"href":"https:\/\/bico.ee\/lv\/wp-json\/wp\/v2\/product"}],"about":[{"href":"https:\/\/bico.ee\/lv\/wp-json\/wp\/v2\/types\/product"}],"wp:featuredmedia":[{"embeddable":true,"href":"https:\/\/bico.ee\/lv\/wp-json\/wp\/v2\/media\/8429"}],"wp:attachment":[{"href":"https:\/\/bico.ee\/lv\/wp-json\/wp\/v2\/media?parent=14128"}],"wp:term":[{"taxonomy":"product_cat","embeddable":true,"href":"https:\/\/bico.ee\/lv\/wp-json\/wp\/v2\/product_cat?post=14128"},{"taxonomy":"product_tag","embeddable":true,"href":"https:\/\/bico.ee\/lv\/wp-json\/wp\/v2\/product_tag?post=14128"}],"curies":[{"name":"wp","href":"https:\/\/api.w.org\/{rel}","templated":true}]}}