{"id":14153,"date":"2026-04-10T18:43:55","date_gmt":"2026-04-10T18:43:55","guid":{"rendered":""},"modified":"2026-04-10T18:43:55","modified_gmt":"2026-04-10T18:43:55","slug":"bico-sesa-satiin-hobedane-viimistletud-ripats-e98","status":"publish","type":"product","link":"https:\/\/bico.ee\/lv\/p\/bico-sesa-satina-sudraba-krasas-kulons-e98\/","title":{"rendered":"Bico &#8220;Sesa&#8221; sat\u012bna sudraba kr\u0101sas kulons (E98)"},"content":{"rendered":"<p>Da\u013ca no Bico m\u016b\u017e\u012bg\u0101 paraksta kulonu kl\u0101sta. <BR><UL><LI>Nosaukums: Sesa <\/LI><LI>Noz\u012bme: Bezmaksas gar\u012bgais rado\u0161ums <\/LI><LI>Bico pied\u0101v\u0101 virkni mat\u0113tu gatavo \u0137\u0113\u017eu un \u0101das auklu un \u017e\u0146audz\u0113ju, kas papildin\u0101s \u0161o kulonu Ar rok\u0101m pul\u0113ta sudraba gatav\u0101 alvas kulonu ar unik\u0101lu aizsargp\u0101rkl\u0101jumu. Kulona platums: 2,8 cm garums: 2,8 cm cilpas diametrs: 6,5 mm<\/p>","protected":false},"excerpt":{"rendered":"<p>E98 825873000571<\/p>\n","protected":false},"featured_media":8503,"template":"","meta":[],"product_cat":[277,300],"product_tag":[],"_links":{"self":[{"href":"https:\/\/bico.ee\/lv\/wp-json\/wp\/v2\/product\/14153"}],"collection":[{"href":"https:\/\/bico.ee\/lv\/wp-json\/wp\/v2\/product"}],"about":[{"href":"https:\/\/bico.ee\/lv\/wp-json\/wp\/v2\/types\/product"}],"wp:featuredmedia":[{"embeddable":true,"href":"https:\/\/bico.ee\/lv\/wp-json\/wp\/v2\/media\/8503"}],"wp:attachment":[{"href":"https:\/\/bico.ee\/lv\/wp-json\/wp\/v2\/media?parent=14153"}],"wp:term":[{"taxonomy":"product_cat","embeddable":true,"href":"https:\/\/bico.ee\/lv\/wp-json\/wp\/v2\/product_cat?post=14153"},{"taxonomy":"product_tag","embeddable":true,"href":"https:\/\/bico.ee\/lv\/wp-json\/wp\/v2\/product_tag?post=14153"}],"curies":[{"name":"wp","href":"https:\/\/api.w.org\/{rel}","templated":true}]}}