{"id":14213,"date":"2026-04-10T18:43:56","date_gmt":"2026-04-10T18:43:56","guid":{"rendered":""},"modified":"2026-04-10T18:43:56","modified_gmt":"2026-04-10T18:43:56","slug":"bico-epiphany-satiinist-hobedane-viimistletud-kala-ripats-e255","status":"publish","type":"product","link":"https:\/\/bico.ee\/lv\/p\/bico-epiphany-satina-sudraba-krasas-zivju-kulons-e255\/","title":{"rendered":"Bico &#8220;Epiphany&#8221; sat\u012bna sudraba kr\u0101sas zivju kulons (E255)"},"content":{"rendered":"<p>Da\u013ca no Bico m\u016b\u017e\u012bg\u0101 paraksta kulonu kl\u0101sta. <BR><UL><LI>Nosaukums: Epif\u0101nija <\/LI><LI>Noz\u012bme: Intuit\u012bvs un uztvero\u0161s <\/LI><LI>Bico pied\u0101v\u0101 virkni mat\u0113tu gatavo \u0137\u0113\u017eu un \u0101das auklu un aizb\u0101\u017e\u0146u, kas papildin\u0101s \u0161o kulonu Pieejam\u0101 apdare: sudraba vai melna. Kulona platums: 1,3 cm garums: 4,3 cm cilpas diametrs: 6,5 mm<\/p>","protected":false},"excerpt":{"rendered":"<p>E255 825873046562<\/p>\n","protected":false},"featured_media":8687,"template":"","meta":[],"product_cat":[277,300],"product_tag":[],"_links":{"self":[{"href":"https:\/\/bico.ee\/lv\/wp-json\/wp\/v2\/product\/14213"}],"collection":[{"href":"https:\/\/bico.ee\/lv\/wp-json\/wp\/v2\/product"}],"about":[{"href":"https:\/\/bico.ee\/lv\/wp-json\/wp\/v2\/types\/product"}],"wp:featuredmedia":[{"embeddable":true,"href":"https:\/\/bico.ee\/lv\/wp-json\/wp\/v2\/media\/8687"}],"wp:attachment":[{"href":"https:\/\/bico.ee\/lv\/wp-json\/wp\/v2\/media?parent=14213"}],"wp:term":[{"taxonomy":"product_cat","embeddable":true,"href":"https:\/\/bico.ee\/lv\/wp-json\/wp\/v2\/product_cat?post=14213"},{"taxonomy":"product_tag","embeddable":true,"href":"https:\/\/bico.ee\/lv\/wp-json\/wp\/v2\/product_tag?post=14213"}],"curies":[{"name":"wp","href":"https:\/\/api.w.org\/{rel}","templated":true}]}}