{"id":14232,"date":"2026-04-10T18:43:56","date_gmt":"2026-04-10T18:43:56","guid":{"rendered":""},"modified":"2026-04-10T18:43:56","modified_gmt":"2026-04-10T18:43:56","slug":"bico-sceptor-satiin-hobedane-viimistletud-ripats-e283","status":"publish","type":"product","link":"https:\/\/bico.ee\/lv\/p\/bico-sceptor-satina-sudraba-krasas-kulons-e283\/","title":{"rendered":"Bico &#8220;Sceptor&#8221; sat\u012bna sudraba kr\u0101sas kulons (E283)"},"content":{"rendered":"<p>Da\u013ca no Bico m\u016b\u017e\u012bg\u0101 paraksta kulonu kl\u0101sta. <BR><UL><LI>Nosaukums: Sceptors <\/LI><LI>Noz\u012bme: Vado\u0161\u0101 person\u012bba, L\u012bderis <\/LI><LI>Biko pied\u0101v\u0101 virkni mat\u0113tu gatavo \u0137\u0113\u017eu un \u0101das auklu un aizkaru, kas papildin\u0101s \u0161o kulonu Pieejam\u0101 apdare: sudraba vai melna. Kulona platums: 1,7 cm Garums: 4,1 cm Cilpas diametrs: 6,5 mm<\/p>","protected":false},"excerpt":{"rendered":"<p>E283 825873047989<\/p>\n","protected":false},"featured_media":8743,"template":"","meta":[],"product_cat":[277,300],"product_tag":[],"_links":{"self":[{"href":"https:\/\/bico.ee\/lv\/wp-json\/wp\/v2\/product\/14232"}],"collection":[{"href":"https:\/\/bico.ee\/lv\/wp-json\/wp\/v2\/product"}],"about":[{"href":"https:\/\/bico.ee\/lv\/wp-json\/wp\/v2\/types\/product"}],"wp:featuredmedia":[{"embeddable":true,"href":"https:\/\/bico.ee\/lv\/wp-json\/wp\/v2\/media\/8743"}],"wp:attachment":[{"href":"https:\/\/bico.ee\/lv\/wp-json\/wp\/v2\/media?parent=14232"}],"wp:term":[{"taxonomy":"product_cat","embeddable":true,"href":"https:\/\/bico.ee\/lv\/wp-json\/wp\/v2\/product_cat?post=14232"},{"taxonomy":"product_tag","embeddable":true,"href":"https:\/\/bico.ee\/lv\/wp-json\/wp\/v2\/product_tag?post=14232"}],"curies":[{"name":"wp","href":"https:\/\/api.w.org\/{rel}","templated":true}]}}