{"id":14250,"date":"2026-04-10T18:43:56","date_gmt":"2026-04-10T18:43:56","guid":{"rendered":""},"modified":"2026-04-10T18:43:56","modified_gmt":"2026-04-10T18:43:56","slug":"bico-strigoi-satiin-hobedase-viimistletud-kolju-ripats-e307","status":"publish","type":"product","link":"https:\/\/bico.ee\/lv\/p\/bico-strigoi-sudraba-nokrasas-galvaskausa-kulons-e307\/","title":{"rendered":"Bico &#8220;Strigoi&#8221; sudraba nokr\u0101sas galvaskausa kulons (E307)"},"content":{"rendered":"<p>Da\u013ca no Bico m\u016b\u017e\u012bg\u0101 paraksta kulonu kl\u0101sta. <BR><UL><LI>Nosaukums: Strigoi <\/LI><LI>Noz\u012bme: Nemier\u012bg\u0101 dv\u0113sele <\/LI><LI>Bico pied\u0101v\u0101 virkni mat\u0113tu gatavo \u0137\u0113\u017eu un \u0101das auklu un aizb\u0101\u017e\u0146u, kas papildin\u0101s \u0161o kulonu Ar rok\u0101m pul\u0113ta sudraba gala alvas kulonu ar unik\u0101lu aizsargp\u0101rkl\u0101jumu. Kulona platums: 2 cm garums: 3,1 cm cilpas diametrs: 6,5 mm<\/p>","protected":false},"excerpt":{"rendered":"<p>E307 825873067826<\/p>\n","protected":false},"featured_media":8799,"template":"","meta":[],"product_cat":[277,300],"product_tag":[],"_links":{"self":[{"href":"https:\/\/bico.ee\/lv\/wp-json\/wp\/v2\/product\/14250"}],"collection":[{"href":"https:\/\/bico.ee\/lv\/wp-json\/wp\/v2\/product"}],"about":[{"href":"https:\/\/bico.ee\/lv\/wp-json\/wp\/v2\/types\/product"}],"wp:featuredmedia":[{"embeddable":true,"href":"https:\/\/bico.ee\/lv\/wp-json\/wp\/v2\/media\/8799"}],"wp:attachment":[{"href":"https:\/\/bico.ee\/lv\/wp-json\/wp\/v2\/media?parent=14250"}],"wp:term":[{"taxonomy":"product_cat","embeddable":true,"href":"https:\/\/bico.ee\/lv\/wp-json\/wp\/v2\/product_cat?post=14250"},{"taxonomy":"product_tag","embeddable":true,"href":"https:\/\/bico.ee\/lv\/wp-json\/wp\/v2\/product_tag?post=14250"}],"curies":[{"name":"wp","href":"https:\/\/api.w.org\/{rel}","templated":true}]}}