{"id":14287,"date":"2026-04-10T18:43:56","date_gmt":"2026-04-10T18:43:56","guid":{"rendered":""},"modified":"2026-04-10T18:43:56","modified_gmt":"2026-04-10T18:43:56","slug":"bico-pyro-ripats-musta-viimistlusega-e17-must","status":"publish","type":"product","link":"https:\/\/bico.ee\/lv\/p\/bico-pyro-kulons-ar-melnu-apdari-e17-melns\/","title":{"rendered":"Bico &#8220;Pyro&#8221; kulons ar melnu apdari (E17 melns)"},"content":{"rendered":"<p>Da\u013ca no Bico m\u016b\u017e\u012bg\u0101 paraksta kulonu kl\u0101sta. <BR><UL><LI>Nosaukums: Pyro <\/LI><LI>Noz\u012bme: Intu\u012bcija, iedvesma un psihisk\u0101s sp\u0113jas <\/LI><LI>Bico pied\u0101v\u0101 virkni melnu apdarin\u0101tu \u0137\u0113\u017eu, \u0101das auklu un piekari\u0146u, kas papildin\u0101s \u0161o kulonu Pieejam\u0101 apdare: sudraba vai melna. Kulona platums: 3,2 cm Garums: 4,5 cm Cilpas diametrs: 8 mm<\/p>","protected":false},"excerpt":{"rendered":"<p>E17BLK 825873061930<\/p>\n","protected":false},"featured_media":8914,"template":"","meta":[],"product_cat":[298],"product_tag":[],"_links":{"self":[{"href":"https:\/\/bico.ee\/lv\/wp-json\/wp\/v2\/product\/14287"}],"collection":[{"href":"https:\/\/bico.ee\/lv\/wp-json\/wp\/v2\/product"}],"about":[{"href":"https:\/\/bico.ee\/lv\/wp-json\/wp\/v2\/types\/product"}],"wp:featuredmedia":[{"embeddable":true,"href":"https:\/\/bico.ee\/lv\/wp-json\/wp\/v2\/media\/8914"}],"wp:attachment":[{"href":"https:\/\/bico.ee\/lv\/wp-json\/wp\/v2\/media?parent=14287"}],"wp:term":[{"taxonomy":"product_cat","embeddable":true,"href":"https:\/\/bico.ee\/lv\/wp-json\/wp\/v2\/product_cat?post=14287"},{"taxonomy":"product_tag","embeddable":true,"href":"https:\/\/bico.ee\/lv\/wp-json\/wp\/v2\/product_tag?post=14287"}],"curies":[{"name":"wp","href":"https:\/\/api.w.org\/{rel}","templated":true}]}}