{"id":14292,"date":"2026-04-10T18:43:56","date_gmt":"2026-04-10T18:43:56","guid":{"rendered":""},"modified":"2026-04-10T18:43:56","modified_gmt":"2026-04-10T18:43:56","slug":"bico-eagle-feather-ripats-musta-viimistlusega-e130-must","status":"publish","type":"product","link":"https:\/\/bico.ee\/lv\/p\/biko-ergla-spalvu-kulons-ar-melnu-apdari-e130-melns\/","title":{"rendered":"Biko \u0113rg\u013ca spalvu kulons ar melnu apdari (E130 melns)"},"content":{"rendered":"<p>Da\u013ca no Bico m\u016b\u017e\u012bg\u0101 paraksta kulonu kl\u0101sta. <BR><UL><LI>Nosaukums: \u0112rg\u013ca spalva <\/LI><LI>Noz\u012bme: veiksmi gan dev\u0113jam, gan sa\u0146\u0113m\u0113jam <\/LI><LI>Bico pied\u0101v\u0101 virkni melnu apdarin\u0101tu \u0137\u0113\u017eu, \u0101das auklu un piekari\u0146u, kas papildin\u0101s \u0161o kulonu Pieejam\u0101 apdare: sudraba vai melna. Kulona platums: 2,1 cm, garums: 3,3 cm, cilpas diametrs: 6,5 mm<\/p>","protected":false},"excerpt":{"rendered":"<p>E130BLK 825873067642<\/p>\n","protected":false},"featured_media":8929,"template":"","meta":[],"product_cat":[298],"product_tag":[],"_links":{"self":[{"href":"https:\/\/bico.ee\/lv\/wp-json\/wp\/v2\/product\/14292"}],"collection":[{"href":"https:\/\/bico.ee\/lv\/wp-json\/wp\/v2\/product"}],"about":[{"href":"https:\/\/bico.ee\/lv\/wp-json\/wp\/v2\/types\/product"}],"wp:featuredmedia":[{"embeddable":true,"href":"https:\/\/bico.ee\/lv\/wp-json\/wp\/v2\/media\/8929"}],"wp:attachment":[{"href":"https:\/\/bico.ee\/lv\/wp-json\/wp\/v2\/media?parent=14292"}],"wp:term":[{"taxonomy":"product_cat","embeddable":true,"href":"https:\/\/bico.ee\/lv\/wp-json\/wp\/v2\/product_cat?post=14292"},{"taxonomy":"product_tag","embeddable":true,"href":"https:\/\/bico.ee\/lv\/wp-json\/wp\/v2\/product_tag?post=14292"}],"curies":[{"name":"wp","href":"https:\/\/api.w.org\/{rel}","templated":true}]}}