{"id":14295,"date":"2026-04-24T07:43:52","date_gmt":"2026-04-24T07:43:52","guid":{"rendered":""},"modified":"2026-04-24T07:43:52","modified_gmt":"2026-04-24T07:43:52","slug":"bico-outlaw-ripats-musta-viimistlusega-e233-must","status":"publish","type":"product","link":"https:\/\/bico.ee\/lv\/p\/bico-outlaw-kulons-ar-melnu-apdari-e233-melns\/","title":{"rendered":"Bico &#8220;Outlaw&#8221; kulons ar melnu apdari (E233 melns)"},"content":{"rendered":"<p>Da\u013ca no Bico m\u016b\u017e\u012bg\u0101 paraksta kulonu kl\u0101sta. <BR><UL><LI>Nosaukums: \u0100rvalstnieks <\/LI><LI>Noz\u012bme: Push The Limits <\/LI><LI>Bico pied\u0101v\u0101 virkni melnu gatavo \u0137\u0113\u017eu, \u0101das auklu un aizb\u0101\u017e\u0146u, kas papildin\u0101s \u0161o kulonu Pieejam\u0101 apdare: sudraba vai melna. Kulona platums: 1,7 cm Garums: 3,9 cm Cilpas diametrs: 6,5 mm<\/p>","protected":false},"excerpt":{"rendered":"<p>E233BLK 825873048788<\/p>\n","protected":false},"featured_media":8939,"template":"","meta":[],"product_cat":[298],"product_tag":[],"_links":{"self":[{"href":"https:\/\/bico.ee\/lv\/wp-json\/wp\/v2\/product\/14295"}],"collection":[{"href":"https:\/\/bico.ee\/lv\/wp-json\/wp\/v2\/product"}],"about":[{"href":"https:\/\/bico.ee\/lv\/wp-json\/wp\/v2\/types\/product"}],"wp:featuredmedia":[{"embeddable":true,"href":"https:\/\/bico.ee\/lv\/wp-json\/wp\/v2\/media\/8939"}],"wp:attachment":[{"href":"https:\/\/bico.ee\/lv\/wp-json\/wp\/v2\/media?parent=14295"}],"wp:term":[{"taxonomy":"product_cat","embeddable":true,"href":"https:\/\/bico.ee\/lv\/wp-json\/wp\/v2\/product_cat?post=14295"},{"taxonomy":"product_tag","embeddable":true,"href":"https:\/\/bico.ee\/lv\/wp-json\/wp\/v2\/product_tag?post=14295"}],"curies":[{"name":"wp","href":"https:\/\/api.w.org\/{rel}","templated":true}]}}