{"id":15735,"date":"2026-04-10T18:44:01","date_gmt":"2026-04-10T18:44:01","guid":{"rendered":""},"modified":"2026-04-10T18:44:01","modified_gmt":"2026-04-10T18:44:01","slug":"bico-mustad-nahast-katised-randmepaelad-bwb10-must-50mm-1-31-32","status":"publish","type":"product","link":"https:\/\/bico.ee\/lv\/p\/bico-melnas-adas-aproces-aproces-bwb10-melna-50mm-1-31-32\/","title":{"rendered":"Bico melnas \u0101das aproces \/ aproces (BWB10 melna) 50mm 1 31\/32\u2033"},"content":{"rendered":"<p>\u012asta govs \u0101das \u0101da ar cil\u0161u rakstiem, kas sadedzin\u0101ti sej\u0101, iek\u013caujot 3 komplekt\u0113jo\u0161as kniedes, lai var\u0113tu iestat\u012bt da\u017e\u0101dus garumus. T\u0101 k\u0101 \u0101da ir dabisks produkts, katra gabala kr\u0101sa un fakt\u016bra nedaudz at\u0161\u0137iras. Tr\u012bs kniedes poz\u012bcijas rada regul\u0113jamu garumu: 19, 21 un 23 cm.<\/p>","protected":false},"excerpt":{"rendered":"<p>BWB10BLK 825873025833<\/p>\n","protected":false},"featured_media":28058,"template":"","meta":[],"product_cat":[112],"product_tag":[],"_links":{"self":[{"href":"https:\/\/bico.ee\/lv\/wp-json\/wp\/v2\/product\/15735"}],"collection":[{"href":"https:\/\/bico.ee\/lv\/wp-json\/wp\/v2\/product"}],"about":[{"href":"https:\/\/bico.ee\/lv\/wp-json\/wp\/v2\/types\/product"}],"wp:featuredmedia":[{"embeddable":true,"href":"https:\/\/bico.ee\/lv\/wp-json\/wp\/v2\/media\/28058"}],"wp:attachment":[{"href":"https:\/\/bico.ee\/lv\/wp-json\/wp\/v2\/media?parent=15735"}],"wp:term":[{"taxonomy":"product_cat","embeddable":true,"href":"https:\/\/bico.ee\/lv\/wp-json\/wp\/v2\/product_cat?post=15735"},{"taxonomy":"product_tag","embeddable":true,"href":"https:\/\/bico.ee\/lv\/wp-json\/wp\/v2\/product_tag?post=15735"}],"curies":[{"name":"wp","href":"https:\/\/api.w.org\/{rel}","templated":true}]}}